{"id":10713,"date":"2020-07-22T00:22:58","date_gmt":"2020-07-21T21:22:58","guid":{"rendered":"https:\/\/hookahshop.lt\/?post_type=product&#038;p=10713"},"modified":"2026-04-14T23:29:06","modified_gmt":"2026-04-14T20:29:06","slug":"kolba-kaljanui-bigmaks-rainbow-white-yellow","status":"publish","type":"product","link":"https:\/\/hookahshop.lt\/en\/product\/flask-hookah-bigmax-rainbow-white-yellow\/","title":{"rendered":"Flask for hookah BIGMAKS Rainbow White Yellow"},"content":{"rendered":"<h2>Flask for hookah BIGMAKS Rainbow White Yellow<\/h2>\n<p>This flask is made of food, colored, glass and stands out for its durability. The flask is not painted, which means it will serve you for many years.<\/p>\n<p><strong><span title=\"\">Specifications:<\/span><\/strong><br \/>\nHeight: 248 mm<br \/>\nWeight: ~ 1390 g<br \/>\nOuter throat diameter: 71 mm<br \/>\nInner throat diameter: 45 mm<br \/>\nProduct material: glass<\/p>\n<p>Do you have any questions? contact us\u00a0<a href=\"https:\/\/hookahshop.lt\/en\/contacts\/\">contacts page<\/a>\u00a0or email us at\u00a0<a href=\"https:\/\/facebook.com\/HookahShop.lt\/\" target=\"_blank\" rel=\"noopener noreferrer\">Facebook<\/a>\u00a0and we will respond to your request the same day.<\/p>","protected":false},"excerpt":{"rendered":"<p>Kolba kaljanui BIGMAKS Rainbow White Yellow \u0160i\u00a0 kolba pagaminta i\u0161 maistinio, spalvoto, stiklo ir i\u0161siskiria patvarumu. Kolba n\u0117ra da\u017eyta, vadinasi, ji tarnaus jums daugel\u012f met\u0173. Specifikacijos: Auk\u0161tis: 248 mm Svoris: ~ 1390 g I\u0161orinis gerkl\u0117s skersmuo: 71 mm Vidinis gerkl\u0117s skersmuo: 45 mm Gaminio med\u017eiaga: stiklas Turite klausim\u0173? Susisiekite su mumis\u00a0kontakt\u0173 puslapyje\u00a0arba para\u0161ykite mums \u012f\u00a0Facebook [&hellip;]<\/p>","protected":false},"featured_media":10714,"comment_status":"open","ping_status":"closed","template":"","meta":[],"_links":{"self":[{"href":"https:\/\/hookahshop.lt\/en\/wp-json\/wp\/v2\/product\/10713"}],"collection":[{"href":"https:\/\/hookahshop.lt\/en\/wp-json\/wp\/v2\/product"}],"about":[{"href":"https:\/\/hookahshop.lt\/en\/wp-json\/wp\/v2\/types\/product"}],"replies":[{"embeddable":true,"href":"https:\/\/hookahshop.lt\/en\/wp-json\/wp\/v2\/comments?post=10713"}],"version-history":[{"count":6,"href":"https:\/\/hookahshop.lt\/en\/wp-json\/wp\/v2\/product\/10713\/revisions"}],"predecessor-version":[{"id":45092,"href":"https:\/\/hookahshop.lt\/en\/wp-json\/wp\/v2\/product\/10713\/revisions\/45092"}],"wp:featuredmedia":[{"embeddable":true,"href":"https:\/\/hookahshop.lt\/en\/wp-json\/wp\/v2\/media\/10714"}],"wp:attachment":[{"href":"https:\/\/hookahshop.lt\/en\/wp-json\/wp\/v2\/media?parent=10713"}],"curies":[{"name":"wp","href":"https:\/\/api.w.org\/{rel}","templated":true}]}}