{"id":10733,"date":"2020-07-22T00:33:42","date_gmt":"2020-07-21T21:33:42","guid":{"rendered":"https:\/\/hookahshop.lt\/?post_type=product&#038;p=10733"},"modified":"2026-04-17T23:29:30","modified_gmt":"2026-04-17T20:29:30","slug":"kolba-kaljanui-hookahtree-creat-pearl","status":"publish","type":"product","link":"https:\/\/hookahshop.lt\/en\/product\/flask-hookah-hookahtree-creat-mother-of-pearl\/","title":{"rendered":"Flask for baldness HOOKAHTREE Creat Pearl"},"content":{"rendered":"<h2>Flask for baldness HOOKAHTREE Creat Pearl<\/h2>\n<p>This is a flask for lovers of classics. The shape itself was slightly modified and all dimensions were taken into account in this model.<\/p>\n<p>The HookahTree Creat flask impresses with its unusual and memorable shades. Amateurs will surely appreciate its unique shape.<\/p>\n<p><strong><span title=\"\">Specifications:<\/span><\/strong><br \/>\nHeight: 271 mm<br \/>\nWeight: ~ 1780 g<br \/>\nOuter throat diameter: 69 mm<br \/>\nInner throat diameter: 47 mm<br \/>\nProduct material: glass<\/p>\n<p>Do you have any questions? contact us\u00a0<a href=\"https:\/\/hookahshop.lt\/en\/contacts\/\">contacts page<\/a>\u00a0or email us at\u00a0<a href=\"https:\/\/facebook.com\/HookahShop.lt\/\" target=\"_blank\" rel=\"noopener noreferrer\">Facebook<\/a>\u00a0and we will respond to your request the same day.<\/p>","protected":false},"excerpt":{"rendered":"<p>Kolba kaljanui HOOKAHTREE Creat Pearl Tai yra kolba, skirta klasikos m\u0117g\u0117jams. Pati forma buvo \u0161iek tiek pakeista ir \u0161iame modelyje buvo atsi\u017evelgta \u012f visus matmenis. Kolba \u201eHookahTree Creat\u201c (\u201ePerlamutras\u201c) daro \u012fsp\u016bd\u012f savo ne\u012fprastais ir \u012fsimenan\u010diais atspalviais. M\u0117g\u0117jai tikrai \u012fvertins jos unikali\u0105 form\u0105. Specifikacijos: Auk\u0161tis: 271 mm Svoris: ~ 1780 g I\u0161orinis gerkl\u0117s skersmuo: 69 mm [&hellip;]<\/p>","protected":false},"featured_media":10734,"comment_status":"open","ping_status":"closed","template":"","meta":[],"_links":{"self":[{"href":"https:\/\/hookahshop.lt\/en\/wp-json\/wp\/v2\/product\/10733"}],"collection":[{"href":"https:\/\/hookahshop.lt\/en\/wp-json\/wp\/v2\/product"}],"about":[{"href":"https:\/\/hookahshop.lt\/en\/wp-json\/wp\/v2\/types\/product"}],"replies":[{"embeddable":true,"href":"https:\/\/hookahshop.lt\/en\/wp-json\/wp\/v2\/comments?post=10733"}],"version-history":[{"count":5,"href":"https:\/\/hookahshop.lt\/en\/wp-json\/wp\/v2\/product\/10733\/revisions"}],"predecessor-version":[{"id":45142,"href":"https:\/\/hookahshop.lt\/en\/wp-json\/wp\/v2\/product\/10733\/revisions\/45142"}],"wp:featuredmedia":[{"embeddable":true,"href":"https:\/\/hookahshop.lt\/en\/wp-json\/wp\/v2\/media\/10734"}],"wp:attachment":[{"href":"https:\/\/hookahshop.lt\/en\/wp-json\/wp\/v2\/media?parent=10733"}],"curies":[{"name":"wp","href":"https:\/\/api.w.org\/{rel}","templated":true}]}}