{"id":10751,"date":"2020-07-24T12:39:54","date_gmt":"2020-07-24T09:39:54","guid":{"rendered":"https:\/\/hookahshop.lt\/?post_type=product&#038;p=10751"},"modified":"2026-04-18T23:29:06","modified_gmt":"2026-04-18T20:29:06","slug":"taurele-kaljanui-oblako-phunnel-m-black","status":"publish","type":"product","link":"https:\/\/hookahshop.lt\/en\/product\/hookah-cup-oblako-phunnel-m-black-cosmos\/","title":{"rendered":"Hookah cup OBLAKO Phunnel M Black Cosmos"},"content":{"rendered":"<h2>Hookah cup OBLAKO Phunnel M Black Cosmos<\/h2>\n<p>Glazed for everyday smoking, perfect for light and heavy tobacco!<br \/>\nThe cup is covered with a glaze, thanks to which it can retain its original properties and appearance for a long time. OBLAKO uses only human-friendly food glaze developed by partners in specialized laboratories located in Gzhelskoye, one of the traditional ceramic production centers in Russia.<br \/>\nA cup of tobacco holds 20\u201323 g.<\/p>\n<p>Specifications:<br \/>\nHeight: 118mm<br \/>\nDiameter (outer): 74 mm<br \/>\nDiameter (inner): 68mm<br \/>\nDepth: 12mm<br \/>\nHole diameter: 12mm<br \/>\nNumber of holes: 1<br \/>\nWeight: about 182 g.<\/p>\n<p>Do you have any questions? contact us\u00a0<a href=\"https:\/\/hookahshop.lt\/en\/contacts\/\">contacts page<\/a>\u00a0or email us at\u00a0<a href=\"https:\/\/facebook.com\/HookahShop.lt\/\" target=\"_blank\" rel=\"noopener noreferrer\">Facebook<\/a> and we will respond to your request the same day.<\/p>","protected":false},"excerpt":{"rendered":"<p>Taurel\u0117 kaljanui OBLAKO Phunnel M Black Cosmos Glaz\u016bruota, skirta kasdieniam r\u016bkymui, puikiai tinkantis &#8211; lengviems ir sunkiems tabakams! Taurel\u0117 padengta glaz\u016bra, kurios d\u0117ka ilg\u0105 laik\u0105 gali i\u0161laikyti savo pirmines savybes ir i\u0161vaizd\u0105. OBLAKO\u00a0 naudoja tik \u017emon\u0117ms nekenksming\u0105 maistin\u0119 glaz\u016br\u0105, kuri\u0105 suk\u016br\u0117 partneriai specializuotose laboratorijose, esan\u010diose vieno i\u0161 tradicini\u0173 Rusijos keramikos gamybos centr\u0173 Gzhelskoye. Taurel\u0117 tabako [&hellip;]<\/p>","protected":false},"featured_media":21285,"comment_status":"open","ping_status":"closed","template":"","meta":[],"_links":{"self":[{"href":"https:\/\/hookahshop.lt\/en\/wp-json\/wp\/v2\/product\/10751"}],"collection":[{"href":"https:\/\/hookahshop.lt\/en\/wp-json\/wp\/v2\/product"}],"about":[{"href":"https:\/\/hookahshop.lt\/en\/wp-json\/wp\/v2\/types\/product"}],"replies":[{"embeddable":true,"href":"https:\/\/hookahshop.lt\/en\/wp-json\/wp\/v2\/comments?post=10751"}],"version-history":[{"count":5,"href":"https:\/\/hookahshop.lt\/en\/wp-json\/wp\/v2\/product\/10751\/revisions"}],"predecessor-version":[{"id":43068,"href":"https:\/\/hookahshop.lt\/en\/wp-json\/wp\/v2\/product\/10751\/revisions\/43068"}],"wp:featuredmedia":[{"embeddable":true,"href":"https:\/\/hookahshop.lt\/en\/wp-json\/wp\/v2\/media\/21285"}],"wp:attachment":[{"href":"https:\/\/hookahshop.lt\/en\/wp-json\/wp\/v2\/media?parent=10751"}],"curies":[{"name":"wp","href":"https:\/\/api.w.org\/{rel}","templated":true}]}}