{"id":11373,"date":"2020-08-11T18:16:28","date_gmt":"2020-08-11T15:16:28","guid":{"rendered":"https:\/\/hookahshop.lt\/?post_type=product&#038;p=11373"},"modified":"2026-04-17T23:29:28","modified_gmt":"2026-04-17T20:29:28","slug":"kolba-kaljanui-bigmaks-rainbow-grey","status":"publish","type":"product","link":"https:\/\/hookahshop.lt\/en\/product\/flask-hookah-bigmaks-rainbow-mock\/","title":{"rendered":"Flask for hookah BIGMAKS Rainbow Gray"},"content":{"rendered":"<h2>Flask for hookah BIGMAKS Rainbow Gray<\/h2>\n<p>This flask is made of food, colored, glass and stands out for its durability. The flask is not painted, which means it will serve you for many years.<\/p>\n<p><strong><span title=\"\">Specifications:<\/span><\/strong><br \/>\nHeight: 248 mm<br \/>\nWeight: ~ 1390 g<br \/>\nOuter throat diameter: 71 mm<br \/>\nInner throat diameter: 45mm<br \/>\nProduct material: glass<\/p>\n<p>Do you have any questions? contact us <a href=\"https:\/\/hookahshop.lt\/en\/contacts\/\">contacts page<\/a> or email us at <a href=\"https:\/\/facebook.com\/HookahShop.lt\/\" target=\"_blank\" rel=\"noopener noreferrer\">Facebook<\/a> and we will respond to your request the same day.<\/p>","protected":false},"excerpt":{"rendered":"<p>Kolba kaljanui BIGMAKS Rainbow Grey \u0160i kolba pagaminta i\u0161 maistinio, spalvoto, stiklo ir i\u0161siskiria patvarumu. Kolba n\u0117ra da\u017eyta, vadinasi, ji tarnaus jums daugel\u012f met\u0173. Specifikacijos: Auk\u0161tis: 248 mm Svoris: ~ 1390 g I\u0161orinis gerkl\u0117s skersmuo: 71 mm Vidinis gerkl\u0117s skersmuo: 45mm Gaminio med\u017eiaga: stiklas Turite klausim\u0173? Susisiekite su mumis kontakt\u0173 puslapyje arba para\u0161ykite mums \u012f [&hellip;]<\/p>","protected":false},"featured_media":11375,"comment_status":"open","ping_status":"closed","template":"","meta":[],"_links":{"self":[{"href":"https:\/\/hookahshop.lt\/en\/wp-json\/wp\/v2\/product\/11373"}],"collection":[{"href":"https:\/\/hookahshop.lt\/en\/wp-json\/wp\/v2\/product"}],"about":[{"href":"https:\/\/hookahshop.lt\/en\/wp-json\/wp\/v2\/types\/product"}],"replies":[{"embeddable":true,"href":"https:\/\/hookahshop.lt\/en\/wp-json\/wp\/v2\/comments?post=11373"}],"version-history":[{"count":6,"href":"https:\/\/hookahshop.lt\/en\/wp-json\/wp\/v2\/product\/11373\/revisions"}],"predecessor-version":[{"id":45080,"href":"https:\/\/hookahshop.lt\/en\/wp-json\/wp\/v2\/product\/11373\/revisions\/45080"}],"wp:featuredmedia":[{"embeddable":true,"href":"https:\/\/hookahshop.lt\/en\/wp-json\/wp\/v2\/media\/11375"}],"wp:attachment":[{"href":"https:\/\/hookahshop.lt\/en\/wp-json\/wp\/v2\/media?parent=11373"}],"curies":[{"name":"wp","href":"https:\/\/api.w.org\/{rel}","templated":true}]}}