{"id":11394,"date":"2020-08-11T18:29:57","date_gmt":"2020-08-11T15:29:57","guid":{"rendered":"https:\/\/hookahshop.lt\/?post_type=product&#038;p=11394"},"modified":"2026-04-17T23:29:30","modified_gmt":"2026-04-17T20:29:30","slug":"kolba-kaljanui-njn-hookah-nj-cut-clear","status":"publish","type":"product","link":"https:\/\/hookahshop.lt\/en\/product\/flask-hookah-njn-hookah-nj-cut-transparent\/","title":{"rendered":"Flask for hookah NJN HOOKAH NJ Cut Clear"},"content":{"rendered":"<h2>Flask for hookah NJN HOOKAH NJ Cut Clear<\/h2>\n<p id=\"tw-target-text\" class=\"tw-data-text tw-text-large XcVN5d tw-ta\" dir=\"ltr\" data-placeholder=\"Vertimas\"><span lang=\"lt\">NJN Hookah is a Russian brand that has been manufacturing hookah flasks since 2013<\/span><\/p>\n<p class=\"tw-data-text tw-text-large XcVN5d tw-ta\" dir=\"ltr\" data-placeholder=\"Vertimas\"><span lang=\"lt\">Hookah flask NJN is made by hand.<\/span><\/p>\n<p class=\"tw-data-text tw-text-large XcVN5d tw-ta\" dir=\"ltr\" data-placeholder=\"Vertimas\"><span lang=\"lt\">The NJ form has become the best home and hookah body choice.<\/span><\/p>\n<p class=\"tw-data-text tw-text-large XcVN5d tw-ta\" dir=\"ltr\" data-placeholder=\"Vertimas\"><strong><span title=\"\">Specifications:<\/span><\/strong><\/p>\n<p>Height: 260 mm<br \/>\nWeight: ~ 1790 g<br \/>\nOuter diameter: 69 mm<br \/>\nInner diameter: 46 mm<br \/>\nProduct material: glass<\/p>\n<p>Do you have any questions? contact us <a href=\"https:\/\/hookahshop.lt\/en\/contacts\/\">contacts page<\/a> or email us at <a href=\"https:\/\/facebook.com\/HookahShop.lt\/\" target=\"_blank\" rel=\"noopener noreferrer\">Facebook<\/a> and we will respond to your request the same day.<\/p>","protected":false},"excerpt":{"rendered":"<p>Kolba kaljanui NJN HOOKAH NJ Cut Clear \u201eNJN Hookah\u201c yra Rusijos prek\u0117s \u017eenklas, kuris prad\u0117jo gaminti kaljano kolbas nuo 2013 m Kaljano kolba NJN gaminama rankomis. NJ forma tapo geriausia nam\u0173 ir kaljan\u0173 \u012fstaigos pasirinkimu. Specifikacijos: Auk\u0161tis: 260 mm Svoris: ~ 1790 g I\u0161orinis skersmuo: 69 mm Vidinis skersmuo: 46 mm Gaminio med\u017eiaga: stiklas Turite [&hellip;]<\/p>","protected":false},"featured_media":11395,"comment_status":"open","ping_status":"closed","template":"","meta":[],"_links":{"self":[{"href":"https:\/\/hookahshop.lt\/en\/wp-json\/wp\/v2\/product\/11394"}],"collection":[{"href":"https:\/\/hookahshop.lt\/en\/wp-json\/wp\/v2\/product"}],"about":[{"href":"https:\/\/hookahshop.lt\/en\/wp-json\/wp\/v2\/types\/product"}],"replies":[{"embeddable":true,"href":"https:\/\/hookahshop.lt\/en\/wp-json\/wp\/v2\/comments?post=11394"}],"version-history":[{"count":7,"href":"https:\/\/hookahshop.lt\/en\/wp-json\/wp\/v2\/product\/11394\/revisions"}],"predecessor-version":[{"id":45146,"href":"https:\/\/hookahshop.lt\/en\/wp-json\/wp\/v2\/product\/11394\/revisions\/45146"}],"wp:featuredmedia":[{"embeddable":true,"href":"https:\/\/hookahshop.lt\/en\/wp-json\/wp\/v2\/media\/11395"}],"wp:attachment":[{"href":"https:\/\/hookahshop.lt\/en\/wp-json\/wp\/v2\/media?parent=11394"}],"curies":[{"name":"wp","href":"https:\/\/api.w.org\/{rel}","templated":true}]}}