{"id":11861,"date":"2020-09-14T20:44:55","date_gmt":"2020-09-14T17:44:55","guid":{"rendered":"https:\/\/hookahshop.lt\/?post_type=product&#038;p=11861"},"modified":"2026-05-13T13:51:49","modified_gmt":"2026-05-13T10:51:49","slug":"kolba-kaljanui-bigmaks-base-starred-night","status":"publish","type":"product","link":"https:\/\/hookahshop.lt\/en\/product\/flask-hookah-bigmax-base-star-night\/","title":{"rendered":"Flask for hookah BIGMAKS Base Starred Night"},"content":{"rendered":"<h2>KIGBA KALJANUI BIGMAKS BASE Starred Night<\/h2>\n<p>This is a glowing dark hookah flask called &quot;Starry Night&quot; made of food-grade crystal glass in the shape of a &quot;base&quot;.<br \/>\nBigMaks Base conveys the impression of a starry night sky.<br \/>\nIn the dark, the drops in the flask glow.<br \/>\n\u2800<br \/>\n<strong><span title=\"\">Specifications:<\/span><\/strong><br \/>\nHeight: 256 mm<br \/>\nWeight: ~ 1300 g<br \/>\nOuter throat diameter: 71 mm<br \/>\nInner throat diameter: 47 mm<br \/>\nProduct material: crystal glass<\/p>\n<p>Do you have any questions? contact us <a href=\"https:\/\/hookahshop.lt\/en\/contacts\/\">contacts page<\/a> or email us at <a href=\"https:\/\/facebook.com\/HookahShop.lt\/\" target=\"_blank\" rel=\"noopener noreferrer\">Facebook<\/a> and we will respond to your request the same day.<\/p>","protected":false},"excerpt":{"rendered":"<p>KOLBA KALJANUI BIGMAKS BASE Starred Night Tai yra \u0161vytinti tamsioje kaljano kolboja, vadinama \u201e\u017dvaig\u017ed\u0117ta naktis\u201c, pagaminta i\u0161 maistinio kri\u0161tolo stiklo, \u201eBaz\u0117s\u201c formos. \u201eBigMaks Base\u201c (\u201e\u017dvaig\u017ed\u0117ta naktis\u201c) perteikia naktinio \u017evaig\u017ed\u0117to dangaus \u012fsp\u016bd\u012f. Tamsoje la\u0161ai kolboje \u0161vie\u010diasi. \u2800 Specifikacijos: Auk\u0161tis: 256 mm Svoris: ~ 1300 g I\u0161orinis gerkl\u0117s skersmuo: 71 mm Vidinis gerkl\u0117s skersmuo: 47 mm Produkto [&hellip;]<\/p>","protected":false},"featured_media":21230,"comment_status":"open","ping_status":"closed","template":"","meta":[],"_links":{"self":[{"href":"https:\/\/hookahshop.lt\/en\/wp-json\/wp\/v2\/product\/11861"}],"collection":[{"href":"https:\/\/hookahshop.lt\/en\/wp-json\/wp\/v2\/product"}],"about":[{"href":"https:\/\/hookahshop.lt\/en\/wp-json\/wp\/v2\/types\/product"}],"replies":[{"embeddable":true,"href":"https:\/\/hookahshop.lt\/en\/wp-json\/wp\/v2\/comments?post=11861"}],"version-history":[{"count":8,"href":"https:\/\/hookahshop.lt\/en\/wp-json\/wp\/v2\/product\/11861\/revisions"}],"predecessor-version":[{"id":45041,"href":"https:\/\/hookahshop.lt\/en\/wp-json\/wp\/v2\/product\/11861\/revisions\/45041"}],"wp:featuredmedia":[{"embeddable":true,"href":"https:\/\/hookahshop.lt\/en\/wp-json\/wp\/v2\/media\/21230"}],"wp:attachment":[{"href":"https:\/\/hookahshop.lt\/en\/wp-json\/wp\/v2\/media?parent=11861"}],"curies":[{"name":"wp","href":"https:\/\/api.w.org\/{rel}","templated":true}]}}