{"id":11931,"date":"2020-09-15T11:26:44","date_gmt":"2020-09-15T08:26:44","guid":{"rendered":"https:\/\/hookahshop.lt\/?post_type=product&#038;p=11931"},"modified":"2026-04-14T23:29:05","modified_gmt":"2026-04-14T20:29:05","slug":"kolba-kaljanui-bigmaks-rainbow","status":"publish","type":"product","link":"https:\/\/hookahshop.lt\/en\/product\/flask-hookah-bigmaks-rainbow\/","title":{"rendered":"Flask for hookah BIGMAKS Rainbow"},"content":{"rendered":"<h2>Flask for Kaljanui BigMaks Rainbow<\/h2>\n<p>This is a flask that will fit almost any hookah, with a standard connection, it is a light and durable flask. Russian manufacturer BigMaks has been delighting with its developed flasks for many years now and is one of the leading manufacturers in the market.<\/p>\n<p>This is a product that will last for many years. Thanks to its high-quality paint coating, this flask will definitely retain its representative image for a long time and look just like from the manufacturer&#039;s conveyor. This flask has thick walls. Thick walls will ensure poor sound insulation, which is important enough for smoking without a diffuser. Due to the longevity of the BigMaks Rainbow, you will not have to worry about breaking this flask or damaging it in any other way. Due to its unique shape (narrower bottom), you will be able to take this flask with you wherever you travel.<\/p>\n<div class=\"tlid-results-container results-container\">\n<div class=\"tlid-result result-dict-wrapper\">\n<div class=\"result tlid-copy-target\">\n<div class=\"result-header\">\n<div class=\"starbutton jfk-button-flat jfk-button unstarred\" role=\"button\" aria-label=\"Star the translation\" data-tooltip=\"Pa\u017eym\u0117ti vertim\u0105 \u017evaig\u017edute\" data-tooltip-align=\"t,c\">\n<div class=\"jfk-button-img\"><\/div>\n<\/div>\n<\/div>\n<div class=\"text-wrap tlid-copy-target\">\n<div class=\"result-shield-container tlid-copy-target\"><span class=\"tlid-translation translation\" lang=\"lt\"><strong><span title=\"\">Specifications:<\/span><\/strong><br \/>\n<span title=\"\">Height: 262 mm<\/span><br \/>\n<span title=\"\">Weight: ~ 1555 g<\/span><br \/>\n<span class=\"\" title=\"\">Outer hole diameter: 73 mm<\/span><br \/>\n<span class=\"\" title=\"\">Inner hole diameter: 47 mm<\/span><br \/>\n<span class=\"\" title=\"\">Product material: crystal glass<\/span><\/span><\/div>\n<div><\/div>\n<div>Do you have any questions? contact us <a href=\"https:\/\/hookahshop.lt\/en\/contacts\/\">contacts page<\/a> or email us at <a href=\"https:\/\/facebook.com\/HookahShop.lt\/\" target=\"_blank\" rel=\"noopener noreferrer\">Facebook<\/a> and we will respond to your request the same day.<\/div>\n<\/div>\n<\/div>\n<\/div>\n<\/div>","protected":false},"excerpt":{"rendered":"<p>Flask for Hookah BigMaks Rainbow This flask is suitable for almost all hookahs, with a standard connection, it is a light and durable flask. The Russian manufacturer BigMaks has been delighted with its developed flasks for many years and is one of the leading manufacturers in the market. This is a product that will last for many years. Thanks to its high-quality paint coating, this flask will last a long time [\u2026]<\/p>","protected":false},"featured_media":11946,"comment_status":"open","ping_status":"closed","template":"","meta":[],"_links":{"self":[{"href":"https:\/\/hookahshop.lt\/en\/wp-json\/wp\/v2\/product\/11931"}],"collection":[{"href":"https:\/\/hookahshop.lt\/en\/wp-json\/wp\/v2\/product"}],"about":[{"href":"https:\/\/hookahshop.lt\/en\/wp-json\/wp\/v2\/types\/product"}],"replies":[{"embeddable":true,"href":"https:\/\/hookahshop.lt\/en\/wp-json\/wp\/v2\/comments?post=11931"}],"version-history":[{"count":5,"href":"https:\/\/hookahshop.lt\/en\/wp-json\/wp\/v2\/product\/11931\/revisions"}],"predecessor-version":[{"id":43070,"href":"https:\/\/hookahshop.lt\/en\/wp-json\/wp\/v2\/product\/11931\/revisions\/43070"}],"wp:featuredmedia":[{"embeddable":true,"href":"https:\/\/hookahshop.lt\/en\/wp-json\/wp\/v2\/media\/11946"}],"wp:attachment":[{"href":"https:\/\/hookahshop.lt\/en\/wp-json\/wp\/v2\/media?parent=11931"}],"curies":[{"name":"wp","href":"https:\/\/api.w.org\/{rel}","templated":true}]}}