{"id":12205,"date":"2020-09-17T21:26:55","date_gmt":"2020-09-17T18:26:55","guid":{"rendered":"https:\/\/hookahshop.lt\/?post_type=product&#038;p=12205"},"modified":"2026-04-20T23:29:07","modified_gmt":"2026-04-20T20:29:07","slug":"kolba-kaljanui-bigmaks-rainbow-crystal","status":"publish","type":"product","link":"https:\/\/hookahshop.lt\/en\/product\/flask-hookah-rainbow-crystal\/","title":{"rendered":"Flask for hookah BIGMAKS Rainbow Crystal"},"content":{"rendered":"<h2>Flask for hookah BIGMAKS Rainbow Crystal<\/h2>\n<p>made of real crystal and cut by hand. This flask is unique in its design, quality and is extremely transparent.<\/p>\n<p><strong><span title=\"\">Specifications:<\/span><\/strong><br \/>\nFlask weight: ~ 2.5 kg.<\/p>\n<p>Do you have any questions? contact us <a href=\"https:\/\/hookahshop.lt\/en\/contacts\/\">contacts page<\/a> or email us at <a href=\"https:\/\/facebook.com\/HookahShop.lt\/\" target=\"_blank\" rel=\"noopener noreferrer\">Facebook<\/a> and we will respond to your request the same day.<\/p>","protected":false},"excerpt":{"rendered":"<p>Kolba kaljanui BIGMAKS Rainbow Crystal pagaminta i\u0161 tikro kri\u0161tolo ir supjaustoma rankomis. \u0160i kolba i\u0161skirtin\u0117 savo dizainu, kokybe ir yra itin skaidri. Specifikacijos: Kolbos svoris: ~ 2,5 kg. Turite klausim\u0173? Susisiekite su mumis kontakt\u0173 puslapyje arba para\u0161ykite mums \u012f Facebook paskyr\u0105 ir atsakysime \u012f j\u016bs\u0173 u\u017eklaus\u0105 dar t\u0105 pa\u010di\u0105 dien\u0105.<\/p>","protected":false},"featured_media":12211,"comment_status":"open","ping_status":"closed","template":"","meta":[],"_links":{"self":[{"href":"https:\/\/hookahshop.lt\/en\/wp-json\/wp\/v2\/product\/12205"}],"collection":[{"href":"https:\/\/hookahshop.lt\/en\/wp-json\/wp\/v2\/product"}],"about":[{"href":"https:\/\/hookahshop.lt\/en\/wp-json\/wp\/v2\/types\/product"}],"replies":[{"embeddable":true,"href":"https:\/\/hookahshop.lt\/en\/wp-json\/wp\/v2\/comments?post=12205"}],"version-history":[{"count":5,"href":"https:\/\/hookahshop.lt\/en\/wp-json\/wp\/v2\/product\/12205\/revisions"}],"predecessor-version":[{"id":45010,"href":"https:\/\/hookahshop.lt\/en\/wp-json\/wp\/v2\/product\/12205\/revisions\/45010"}],"wp:featuredmedia":[{"embeddable":true,"href":"https:\/\/hookahshop.lt\/en\/wp-json\/wp\/v2\/media\/12211"}],"wp:attachment":[{"href":"https:\/\/hookahshop.lt\/en\/wp-json\/wp\/v2\/media?parent=12205"}],"curies":[{"name":"wp","href":"https:\/\/api.w.org\/{rel}","templated":true}]}}