{"id":12288,"date":"2020-09-20T20:03:14","date_gmt":"2020-09-20T17:03:14","guid":{"rendered":"https:\/\/hookahshop.lt\/?post_type=product&#038;p=12288"},"modified":"2026-05-14T23:28:45","modified_gmt":"2026-05-14T20:28:45","slug":"kaljanas-alpha-hookah-beat","status":"publish","type":"product","link":"https:\/\/hookahshop.lt\/en\/product\/hookah-alpha-hookah-beat\/","title":{"rendered":"Hookah ALPHA HOOKAH Beat"},"content":{"rendered":"<h2>Hookah ALPHA Hookah Beat<\/h2>\n<p>A new and exclusive model from Alpha Hookah. Hookah Alpha Hookah BEAT is a hookah that will highlight your style and rhythm of life.<\/p>\n<p><strong>Equipment:<\/strong><\/p>\n<p>Shaft<br \/>\nMouthpiece<br \/>\nPlate<br \/>\nSilicone hose &quot;Soft Touch&quot;<br \/>\nDiffuser<br \/>\nFlask (clear or tinted)<br \/>\nMagnetic connection<\/p>\n<p><img decoding=\"async\" loading=\"lazy\" class=\"alignnone size-medium wp-image-38520\" src=\"https:\/\/hookahshop.lt\/wp-content\/uploads\/2020\/09\/stiebas-kolba-zarna-kandiklis-1-300x273.jpg\" alt=\"- hookahshop.lt\" width=\"300\" height=\"273\" srcset=\"https:\/\/hookahshop.lt\/wp-content\/uploads\/2020\/09\/stiebas-kolba-zarna-kandiklis-1-300x273.jpg 300w, https:\/\/hookahshop.lt\/wp-content\/uploads\/2020\/09\/stiebas-kolba-zarna-kandiklis-1-13x12.jpg 13w, https:\/\/hookahshop.lt\/wp-content\/uploads\/2020\/09\/stiebas-kolba-zarna-kandiklis-1-64x58.jpg 64w, https:\/\/hookahshop.lt\/wp-content\/uploads\/2020\/09\/stiebas-kolba-zarna-kandiklis-1.jpg 420w\" sizes=\"(max-width: 300px) 100vw, 300px\" title=\"\"><\/p>\n<p>Materials used<br \/>\nHigh quality stainless steel, German polyacetal<\/p>\n<p>Dimensions:<\/p>\n<p>The inside diameter of the shaft is 11 mm.<br \/>\nThe diameter of the plate is 17 cm.<br \/>\nThe height of the hookah with the flask is 35 cm.<\/p>\n<p><strong>Choice of flask color: transparent or black transparent.\u00a0<\/strong><\/p>\n<p>Do you have any questions? contact us\u00a0<a href=\"https:\/\/hookahshop.lt\/en\/contacts\/\">contacts page<\/a>\u00a0or email us at\u00a0<a href=\"https:\/\/facebook.com\/HookahShop.lt\/\" target=\"_blank\" rel=\"noopener noreferrer\">Facebook<\/a>\u00a0and we will respond to your request the same day.<\/p>","protected":false},"excerpt":{"rendered":"<p>Kaljanas ALPHA Hookah Beat Naujas ir i\u0161skirtinis \u201eAlpha Hookah\u201c kompanijos modelis. Kaljanas Alpha Hookah BEAT tai kaljanas kuris i\u0161ry\u0161kins j\u016bs\u0173 stili\u0173 ir gyvenimo ritm\u0105. Komplektacija: \u0160achta Kandiklis L\u0117k\u0161t\u0117 Silikonin\u0117 \u017earna \u201eSoft Touch\u201c Difuzorius Kolba (skaidri arba tonuota) Magnetin\u0117 jungtis Naudotos med\u017eiagos: Auk\u0161tos kokyb\u0117s ner\u016bdijantis plienas, voki\u0161kas poliacetalis. Matmenys: Vidinis \u0161achtos skersmuo yra 11 mm. L\u0117k\u0161t\u0117s [&hellip;]<\/p>","protected":false},"featured_media":33149,"comment_status":"open","ping_status":"closed","template":"","meta":[],"_links":{"self":[{"href":"https:\/\/hookahshop.lt\/en\/wp-json\/wp\/v2\/product\/12288"}],"collection":[{"href":"https:\/\/hookahshop.lt\/en\/wp-json\/wp\/v2\/product"}],"about":[{"href":"https:\/\/hookahshop.lt\/en\/wp-json\/wp\/v2\/types\/product"}],"replies":[{"embeddable":true,"href":"https:\/\/hookahshop.lt\/en\/wp-json\/wp\/v2\/comments?post=12288"}],"version-history":[{"count":10,"href":"https:\/\/hookahshop.lt\/en\/wp-json\/wp\/v2\/product\/12288\/revisions"}],"predecessor-version":[{"id":45680,"href":"https:\/\/hookahshop.lt\/en\/wp-json\/wp\/v2\/product\/12288\/revisions\/45680"}],"wp:featuredmedia":[{"embeddable":true,"href":"https:\/\/hookahshop.lt\/en\/wp-json\/wp\/v2\/media\/33149"}],"wp:attachment":[{"href":"https:\/\/hookahshop.lt\/en\/wp-json\/wp\/v2\/media?parent=12288"}],"curies":[{"name":"wp","href":"https:\/\/api.w.org\/{rel}","templated":true}]}}