{"id":12896,"date":"2020-10-25T16:05:22","date_gmt":"2020-10-25T14:05:22","guid":{"rendered":"https:\/\/hookahshop.lt\/?post_type=product&#038;p=12896"},"modified":"2026-04-17T23:29:30","modified_gmt":"2026-04-17T20:29:30","slug":"kolba-kaljanui-hookahtree-c3-black-transparent","status":"publish","type":"product","link":"https:\/\/hookahshop.lt\/en\/product\/flask-hookah-hookahtree-c3-black-transparent\/","title":{"rendered":"Flask for baldness HOOKAHTREE C3 Black Transparent"},"content":{"rendered":"<h2>Flask for baldness HOOKAHTREE C3 Black Transparent<\/h2>\n<p>This handmade flask is made of high quality 5 mm thick glass. The flask is black and transparent in color, allowing you to adjust the water level in the flask.<\/p>\n<p><strong><span title=\"\">Specifications:<\/span><\/strong><br \/>\nHeight: 252 mm<br \/>\nWeight: ~ 1550 g<br \/>\nOuter hole diameter: 70 mm<br \/>\nInner hole diameter: 48 mm<br \/>\nProduct material: glass<\/p>\n<p>Do you have any questions? contact us <a href=\"https:\/\/hookahshop.lt\/en\/contacts\/\">contacts page<\/a> or email us at <a href=\"https:\/\/facebook.com\/HookahShop.lt\/\" target=\"_blank\" rel=\"noopener noreferrer\">Facebook<\/a> and we will respond to your request the same day.<\/p>","protected":false},"excerpt":{"rendered":"<p>Kolba kaljanui HOOKAHTREE C3 Black Transparent \u0160i, rank\u0173 darbo kolba pagaminta i\u0161 auk\u0161tos kokyb\u0117s 5 mm storo stiklo. Kolba yra juodai skaidrios spalvos, leid\u017eianti reguliuoti vandens lyg\u012f kolboje. Specifikacijos: Auk\u0161tis: 252 mm Svoris: ~ 1550 g I\u0161orin\u0117s skyl\u0117s skersmuo: 70 mm Vidin\u0117s skyl\u0117s skersmuo: 48 mm Produkto med\u017eiaga: stiklas Turite klausim\u0173? Susisiekite su mumis kontakt\u0173 [&hellip;]<\/p>","protected":false},"featured_media":12897,"comment_status":"open","ping_status":"closed","template":"","meta":[],"_links":{"self":[{"href":"https:\/\/hookahshop.lt\/en\/wp-json\/wp\/v2\/product\/12896"}],"collection":[{"href":"https:\/\/hookahshop.lt\/en\/wp-json\/wp\/v2\/product"}],"about":[{"href":"https:\/\/hookahshop.lt\/en\/wp-json\/wp\/v2\/types\/product"}],"replies":[{"embeddable":true,"href":"https:\/\/hookahshop.lt\/en\/wp-json\/wp\/v2\/comments?post=12896"}],"version-history":[{"count":5,"href":"https:\/\/hookahshop.lt\/en\/wp-json\/wp\/v2\/product\/12896\/revisions"}],"predecessor-version":[{"id":45138,"href":"https:\/\/hookahshop.lt\/en\/wp-json\/wp\/v2\/product\/12896\/revisions\/45138"}],"wp:featuredmedia":[{"embeddable":true,"href":"https:\/\/hookahshop.lt\/en\/wp-json\/wp\/v2\/media\/12897"}],"wp:attachment":[{"href":"https:\/\/hookahshop.lt\/en\/wp-json\/wp\/v2\/media?parent=12896"}],"curies":[{"name":"wp","href":"https:\/\/api.w.org\/{rel}","templated":true}]}}