{"id":13451,"date":"2020-11-02T13:44:30","date_gmt":"2020-11-02T11:44:30","guid":{"rendered":"https:\/\/hookahshop.lt\/?post_type=product&#038;p=13451"},"modified":"2026-05-05T23:29:39","modified_gmt":"2026-05-05T20:29:39","slug":"kolba-kaljanui-njn-hookah-nj-gold","status":"publish","type":"product","link":"https:\/\/hookahshop.lt\/en\/product\/flask-hookah-njn-hookah-nj-gold\/","title":{"rendered":"Flask for baldness NJN HOOKAH NJ Gold"},"content":{"rendered":"<h2>Flask with hook NJN Hookah NJ Gold<\/h2>\n<p>NJN Hookah is a Russian brand that has been operating since 2013. Began to produce hookah flasks<br \/>\nHookah flask NJN Hookah NJ (gold color) is produced exclusively by hand from the best Russian glass manufacturers.<br \/>\nThe NJ form is the best choice for home and business.<\/p>\n<p><strong><span title=\"\">Specifications:<\/span><\/strong><br \/>\nHeight: 267 mm<br \/>\nWeight: ~ 1515 g<br \/>\nOuter neck diameter: 69 mm<br \/>\nInner neck diameter: 45 mm<br \/>\nProduct material: glass<\/p>\n<p>Do you have any questions? contact us <a href=\"https:\/\/hookahshop.lt\/en\/contacts\/\">contacts page<\/a> or email us at <a href=\"https:\/\/facebook.com\/HookahShop.lt\/\" target=\"_blank\" rel=\"noopener noreferrer\">Facebook<\/a> and we will respond to your request the same day.<\/p>","protected":false},"excerpt":{"rendered":"<p>Kolba kaljanui NJN Hookah NJ Gold \u201eNJN Hookah\u201c yra rus\u0173 prek\u0117s \u017eenklas, kuris nuo 2013 m. Prad\u0117jo gaminti kaljano kolbas Kaljano kolba NJN Kaljanas NJ (aukso spalvos) gamina i\u0161skirtinai rankomis geriausi\u0173 Rusijos stiklo gamintoj\u0173. NJ forma esanti geriausias pasirinkimas namams ir verslui. Specifikacijos: Auk\u0161tis: 267 mm Svoris: ~ 1515 g I\u0161orinis kaklelio skersmuo: 69 mm [&hellip;]<\/p>","protected":false},"featured_media":13463,"comment_status":"open","ping_status":"closed","template":"","meta":[],"_links":{"self":[{"href":"https:\/\/hookahshop.lt\/en\/wp-json\/wp\/v2\/product\/13451"}],"collection":[{"href":"https:\/\/hookahshop.lt\/en\/wp-json\/wp\/v2\/product"}],"about":[{"href":"https:\/\/hookahshop.lt\/en\/wp-json\/wp\/v2\/types\/product"}],"replies":[{"embeddable":true,"href":"https:\/\/hookahshop.lt\/en\/wp-json\/wp\/v2\/comments?post=13451"}],"version-history":[{"count":5,"href":"https:\/\/hookahshop.lt\/en\/wp-json\/wp\/v2\/product\/13451\/revisions"}],"predecessor-version":[{"id":45148,"href":"https:\/\/hookahshop.lt\/en\/wp-json\/wp\/v2\/product\/13451\/revisions\/45148"}],"wp:featuredmedia":[{"embeddable":true,"href":"https:\/\/hookahshop.lt\/en\/wp-json\/wp\/v2\/media\/13463"}],"wp:attachment":[{"href":"https:\/\/hookahshop.lt\/en\/wp-json\/wp\/v2\/media?parent=13451"}],"curies":[{"name":"wp","href":"https:\/\/api.w.org\/{rel}","templated":true}]}}