{"id":13475,"date":"2020-11-02T14:38:12","date_gmt":"2020-11-02T12:38:12","guid":{"rendered":"https:\/\/hookahshop.lt\/?post_type=product&#038;p=13475"},"modified":"2026-04-18T23:28:56","modified_gmt":"2026-04-18T20:28:56","slug":"kolba-kaljanui-craft-white","status":"publish","type":"product","link":"https:\/\/hookahshop.lt\/en\/product\/flask-hookah-craft-white\/","title":{"rendered":"Flask for hookah CRAFT White"},"content":{"rendered":"<h2>Flask for hookah CRAFT White<\/h2>\n<p>It is a clear glass flask with white details.<\/p>\n<p><strong><span title=\"\">Specifications:<\/span><\/strong><br \/>\nHeight: 265 mm<br \/>\nWeight: ~ 1620 g<br \/>\nOuter neck diameter: 74 mm<br \/>\nInner neck diameter: 47 mm<br \/>\nProduct material: glass<\/p>\n<p>Do you have any questions? contact us <a href=\"https:\/\/hookahshop.lt\/en\/contacts\/\">contacts page<\/a> or email us at <a href=\"https:\/\/facebook.com\/HookahShop.lt\/\" target=\"_blank\" rel=\"noopener noreferrer\">Facebook<\/a> and we will respond to your request the same day.<\/p>","protected":false},"excerpt":{"rendered":"<p>Kolba kaljanui CRAFT White Tai skaidri stiklin\u0117 kolba su baltos spalvos detal\u0117mis. Specifikacijos: Auk\u0161tis: 265 mm Svoris: ~ 1620 g I\u0161orinis kaklelio skersmuo: 74 mm Vidinis kaklelio skersmuo: 47 mm Produkto med\u017eiaga: stiklas Turite klausim\u0173? Susisiekite su mumis kontakt\u0173 puslapyje arba para\u0161ykite mums \u012f Facebook paskyr\u0105 ir atsakysime \u012f j\u016bs\u0173 u\u017eklaus\u0105 dar t\u0105 pa\u010di\u0105 dien\u0105.<\/p>","protected":false},"featured_media":13476,"comment_status":"open","ping_status":"closed","template":"","meta":[],"_links":{"self":[{"href":"https:\/\/hookahshop.lt\/en\/wp-json\/wp\/v2\/product\/13475"}],"collection":[{"href":"https:\/\/hookahshop.lt\/en\/wp-json\/wp\/v2\/product"}],"about":[{"href":"https:\/\/hookahshop.lt\/en\/wp-json\/wp\/v2\/types\/product"}],"replies":[{"embeddable":true,"href":"https:\/\/hookahshop.lt\/en\/wp-json\/wp\/v2\/comments?post=13475"}],"version-history":[{"count":5,"href":"https:\/\/hookahshop.lt\/en\/wp-json\/wp\/v2\/product\/13475\/revisions"}],"predecessor-version":[{"id":45111,"href":"https:\/\/hookahshop.lt\/en\/wp-json\/wp\/v2\/product\/13475\/revisions\/45111"}],"wp:featuredmedia":[{"embeddable":true,"href":"https:\/\/hookahshop.lt\/en\/wp-json\/wp\/v2\/media\/13476"}],"wp:attachment":[{"href":"https:\/\/hookahshop.lt\/en\/wp-json\/wp\/v2\/media?parent=13475"}],"curies":[{"name":"wp","href":"https:\/\/api.w.org\/{rel}","templated":true}]}}