{"id":15665,"date":"2020-12-16T21:54:57","date_gmt":"2020-12-16T19:54:57","guid":{"rendered":"https:\/\/hookahshop.lt\/?post_type=product&#038;p=15665"},"modified":"2026-05-05T23:29:26","modified_gmt":"2026-05-05T20:29:26","slug":"kaljanas-union-h-standard-coffee","status":"publish","type":"product","link":"https:\/\/hookahshop.lt\/en\/product\/hookah-union-h-standard-coffee\/","title":{"rendered":"Hookah UNION HOOKAH Sleek Standard Coffee"},"content":{"rendered":"<h2>Hookah UNION HOOKAH Sleek Standard Coffee<\/h2>\n<p>the model has been on the Russian market for some time and impresses with its special design and great color options! Whether it\u2019s a simple wood design, unusual laminate patterns, or very popular hybrid designs made from epoxy resin and wood, Union Hookah definitely has something for every hookah lover!<\/p>\n<p>Specifications:<\/p>\n<p>Height: 50cm<br \/>\nCountry: Russia<br \/>\nDesign: Epoxy<br \/>\nFlask: None<br \/>\nMouthpiece and hose: Available<br \/>\n<img decoding=\"async\" loading=\"lazy\" class=\"alignnone size-medium wp-image-38521\" src=\"https:\/\/hookahshop.lt\/wp-content\/uploads\/2020\/09\/stiebas-zarna-kandiklis-1-300x273.jpg\" alt=\"- hookahshop.lt\" width=\"300\" height=\"273\" srcset=\"https:\/\/hookahshop.lt\/wp-content\/uploads\/2020\/09\/stiebas-zarna-kandiklis-1-300x273.jpg 300w, https:\/\/hookahshop.lt\/wp-content\/uploads\/2020\/09\/stiebas-zarna-kandiklis-1-13x12.jpg 13w, https:\/\/hookahshop.lt\/wp-content\/uploads\/2020\/09\/stiebas-zarna-kandiklis-1-64x58.jpg 64w, https:\/\/hookahshop.lt\/wp-content\/uploads\/2020\/09\/stiebas-zarna-kandiklis-1.jpg 420w\" sizes=\"(max-width: 300px) 100vw, 300px\" title=\"\"><\/p>\n<p>Do you have any questions? contact us <a href=\"https:\/\/hookahshop.lt\/en\/contacts\/\">contacts page<\/a> or email us at <a href=\"https:\/\/facebook.com\/HookahShop.lt\/\" target=\"_blank\" rel=\"noopener noreferrer\">Facebook<\/a> and we will respond to your request the same day.<\/p>","protected":false},"excerpt":{"rendered":"<p>Kaljanas UNION HOOKAH Sleek Standard Coffee modelis kur\u012f laik\u0105 buvo Rusijos rinkoje ir \u017eavi savo ypatingu dizainu ir puikiais spalv\u0173 variantais! Nesvarbu, ar tai paprastas med\u017eio dizainas, ar ne\u012fprasti laminato modeliai, ar labai populiar\u016bs hibridiniai dizainai, pagaminti i\u0161 epoksidin\u0117s dervos ir medienos, \u201eUnion Hookah\u201c tikrai turi ka\u017ek\u0105 kiekvienam kaljano m\u0117g\u0117jui! Specifikacijos: Auk\u0161tis: 50cm \u0160alis: Rusija [&hellip;]<\/p>","protected":false},"featured_media":21233,"comment_status":"open","ping_status":"closed","template":"","meta":[],"_links":{"self":[{"href":"https:\/\/hookahshop.lt\/en\/wp-json\/wp\/v2\/product\/15665"}],"collection":[{"href":"https:\/\/hookahshop.lt\/en\/wp-json\/wp\/v2\/product"}],"about":[{"href":"https:\/\/hookahshop.lt\/en\/wp-json\/wp\/v2\/types\/product"}],"replies":[{"embeddable":true,"href":"https:\/\/hookahshop.lt\/en\/wp-json\/wp\/v2\/comments?post=15665"}],"version-history":[{"count":7,"href":"https:\/\/hookahshop.lt\/en\/wp-json\/wp\/v2\/product\/15665\/revisions"}],"predecessor-version":[{"id":45273,"href":"https:\/\/hookahshop.lt\/en\/wp-json\/wp\/v2\/product\/15665\/revisions\/45273"}],"wp:featuredmedia":[{"embeddable":true,"href":"https:\/\/hookahshop.lt\/en\/wp-json\/wp\/v2\/media\/21233"}],"wp:attachment":[{"href":"https:\/\/hookahshop.lt\/en\/wp-json\/wp\/v2\/media?parent=15665"}],"curies":[{"name":"wp","href":"https:\/\/api.w.org\/{rel}","templated":true}]}}