{"id":17800,"date":"2021-01-13T14:03:16","date_gmt":"2021-01-13T12:03:16","guid":{"rendered":"https:\/\/hookahshop.lt\/?post_type=product&#038;p=17800"},"modified":"2026-04-14T23:29:07","modified_gmt":"2026-04-14T20:29:07","slug":"kolba-kaljanui-craft-crystal","status":"publish","type":"product","link":"https:\/\/hookahshop.lt\/en\/product\/flask-hookah-craft-crystal\/","title":{"rendered":"Flask for hookah CRAFT Crystal"},"content":{"rendered":"<h2>Flask for hookah CRAFT crystal<\/h2>\n<p>This handmade flask is unique in its design, quality and extremely transparent style. The neck of the flask is carved along - adapted for storage and more convenient use. The lower part of the flask is also unique - carved.<\/p>\n<p><strong><span title=\"\">Specifications:<\/span><\/strong><br \/>\nFlask weight: ~ 2 kg<br \/>\nHeight: 26 cm<br \/>\nWidth: 22 cm<br \/>\nInside diameter of the neck: 4 cm<\/p>\n<p>Do you have any questions? contact us\u00a0<a href=\"https:\/\/hookahshop.lt\/en\/contacts\/\">contacts page<\/a>\u00a0or email us at\u00a0<a href=\"https:\/\/facebook.com\/HookahShop.lt\/\" target=\"_blank\" rel=\"noopener noreferrer\">Facebook<\/a>\u00a0and we will respond to your request the same day.<\/p>","protected":false},"excerpt":{"rendered":"<p>Kolba kaljanui CRAFT crystal \u0160i rank\u0173 darbo kolba i\u0161skirtin\u0117 savo dizainu, kokybe ir yra itin skaidriu stilu. Kolbos kaklelis i\u0161rai\u017eytas i\u0161ilgai &#8211; pritaikytas laikymui, patogesniam naudojimui. Kolbos apatin\u0117 dalis taip pat unikali &#8211; i\u0161rai\u017eyta. Specifikacijos: Kolbos svoris: ~ 2 kg Auk\u0161tis: 26 cm Plotis: 22 cm Kaklelio vidinis skersmuo: 4 cm Turite klausim\u0173? Susisiekite su [&hellip;]<\/p>","protected":false},"featured_media":17802,"comment_status":"open","ping_status":"closed","template":"","meta":[],"_links":{"self":[{"href":"https:\/\/hookahshop.lt\/en\/wp-json\/wp\/v2\/product\/17800"}],"collection":[{"href":"https:\/\/hookahshop.lt\/en\/wp-json\/wp\/v2\/product"}],"about":[{"href":"https:\/\/hookahshop.lt\/en\/wp-json\/wp\/v2\/types\/product"}],"replies":[{"embeddable":true,"href":"https:\/\/hookahshop.lt\/en\/wp-json\/wp\/v2\/comments?post=17800"}],"version-history":[{"count":7,"href":"https:\/\/hookahshop.lt\/en\/wp-json\/wp\/v2\/product\/17800\/revisions"}],"predecessor-version":[{"id":45107,"href":"https:\/\/hookahshop.lt\/en\/wp-json\/wp\/v2\/product\/17800\/revisions\/45107"}],"wp:featuredmedia":[{"embeddable":true,"href":"https:\/\/hookahshop.lt\/en\/wp-json\/wp\/v2\/media\/17802"}],"wp:attachment":[{"href":"https:\/\/hookahshop.lt\/en\/wp-json\/wp\/v2\/media?parent=17800"}],"curies":[{"name":"wp","href":"https:\/\/api.w.org\/{rel}","templated":true}]}}