{"id":17809,"date":"2021-01-13T14:13:44","date_gmt":"2021-01-13T12:13:44","guid":{"rendered":"https:\/\/hookahshop.lt\/?post_type=product&#038;p=17809"},"modified":"2026-04-14T23:29:07","modified_gmt":"2026-04-14T20:29:07","slug":"kolba-kaljanui-craft-cutting","status":"publish","type":"product","link":"https:\/\/hookahshop.lt\/en\/product\/flask-hookah-craft-cut\/","title":{"rendered":"Flask for hookah CRAFT Cutting"},"content":{"rendered":"<h2>Flask for hookah CRAFT Cutting<\/h2>\n<p>handmade, exceptional in its design, quality and extremely transparent style. The neck of the flask is carved along - adapted for storage and more convenient use.<\/p>\n<p><strong><span title=\"\">Specifications:<\/span><\/strong><br \/>\nFlask weight: ~ 2 kg<br \/>\nHeight: 26 cm<br \/>\nWidth: 22 cm<br \/>\nInside diameter of the neck: 4 cm<\/p>\n<p>Do you have any questions? contact us\u00a0<a href=\"https:\/\/hookahshop.lt\/en\/contacts\/\">contacts page<\/a>\u00a0or email us at\u00a0<a href=\"https:\/\/facebook.com\/HookahShop.lt\/\" target=\"_blank\" rel=\"noopener noreferrer\">Facebook<\/a>\u00a0and we will respond to your request the same day.<\/p>","protected":false},"excerpt":{"rendered":"<p>Kolba kaljanui CRAFT Cutting rank\u0173 darbo, i\u0161skirtin\u0117 savo dizainu, kokybe ir yra itin skaidriu stilu. Kolbos kaklelis i\u0161rai\u017eytas i\u0161ilgai &#8211; pritaikytas laikymui, patogesniam naudojimui. Specifikacijos: Kolbos svoris: ~ 2 kg Auk\u0161tis: 26 cm Plotis: 22 cm Kaklelio vidinis skersmuo: 4 cm Turite klausim\u0173? Susisiekite su mumis\u00a0kontakt\u0173 puslapyje\u00a0arba para\u0161ykite mums \u012f\u00a0Facebook paskyr\u0105\u00a0ir atsakysime \u012f j\u016bs\u0173 u\u017eklaus\u0105 [&hellip;]<\/p>","protected":false},"featured_media":17810,"comment_status":"open","ping_status":"closed","template":"","meta":[],"_links":{"self":[{"href":"https:\/\/hookahshop.lt\/en\/wp-json\/wp\/v2\/product\/17809"}],"collection":[{"href":"https:\/\/hookahshop.lt\/en\/wp-json\/wp\/v2\/product"}],"about":[{"href":"https:\/\/hookahshop.lt\/en\/wp-json\/wp\/v2\/types\/product"}],"replies":[{"embeddable":true,"href":"https:\/\/hookahshop.lt\/en\/wp-json\/wp\/v2\/comments?post=17809"}],"version-history":[{"count":6,"href":"https:\/\/hookahshop.lt\/en\/wp-json\/wp\/v2\/product\/17809\/revisions"}],"predecessor-version":[{"id":45109,"href":"https:\/\/hookahshop.lt\/en\/wp-json\/wp\/v2\/product\/17809\/revisions\/45109"}],"wp:featuredmedia":[{"embeddable":true,"href":"https:\/\/hookahshop.lt\/en\/wp-json\/wp\/v2\/media\/17810"}],"wp:attachment":[{"href":"https:\/\/hookahshop.lt\/en\/wp-json\/wp\/v2\/media?parent=17809"}],"curies":[{"name":"wp","href":"https:\/\/api.w.org\/{rel}","templated":true}]}}