{"id":17963,"date":"2021-01-17T15:11:54","date_gmt":"2021-01-17T13:11:54","guid":{"rendered":"https:\/\/hookahshop.lt\/?post_type=product&#038;p=17963"},"modified":"2026-04-15T23:29:04","modified_gmt":"2026-04-15T20:29:04","slug":"kolba-kaljanui-drop-skaidri","status":"publish","type":"product","link":"https:\/\/hookahshop.lt\/en\/product\/flask-hookah-drop-clear\/","title":{"rendered":"Flask for hookah DROP Clear"},"content":{"rendered":"<h2>Flask for hookah DROP Clear<\/h2>\n<p>It is a drop-shaped clear flask with a standard intermediate-shaped connector.<\/p>\n<p><strong><span title=\"\">Specifications:<\/span><\/strong><br \/>\nCountry of origin: Russia<br \/>\nWeight: 1.5 kg<br \/>\nHeight: 29 cm<br \/>\nWidth: 27 cm<br \/>\nDepth: 2 cm<\/p>\n<p>Do you have any questions? contact us\u00a0<a href=\"https:\/\/hookahshop.lt\/en\/contacts\/\">contacts page<\/a>\u00a0or email us at\u00a0<a href=\"https:\/\/facebook.com\/HookahShop.lt\/\" target=\"_blank\" rel=\"noopener noreferrer\">Facebook<\/a>\u00a0and we will respond to your request the same day.<\/p>","protected":false},"excerpt":{"rendered":"<p>Kolba kaljanui DROP Clear Tai la\u0161o formos skaidri kolba, turinti standartine tarpin\u0117s formos jungt\u012f. Specifikacijos: Kilm\u0117s \u0161alis: Rusija Svoris: 1,5 kg Auk\u0161tis: 29 cm Plotis: 27 cm Gylis: 2 cm Turite klausim\u0173? Susisiekite su mumis\u00a0kontakt\u0173 puslapyje\u00a0arba para\u0161ykite mums \u012f\u00a0Facebook paskyr\u0105\u00a0ir atsakysime \u012f j\u016bs\u0173 u\u017eklaus\u0105 dar t\u0105 pa\u010di\u0105 dien\u0105.<\/p>","protected":false},"featured_media":17965,"comment_status":"open","ping_status":"closed","template":"","meta":[],"_links":{"self":[{"href":"https:\/\/hookahshop.lt\/en\/wp-json\/wp\/v2\/product\/17963"}],"collection":[{"href":"https:\/\/hookahshop.lt\/en\/wp-json\/wp\/v2\/product"}],"about":[{"href":"https:\/\/hookahshop.lt\/en\/wp-json\/wp\/v2\/types\/product"}],"replies":[{"embeddable":true,"href":"https:\/\/hookahshop.lt\/en\/wp-json\/wp\/v2\/comments?post=17963"}],"version-history":[{"count":10,"href":"https:\/\/hookahshop.lt\/en\/wp-json\/wp\/v2\/product\/17963\/revisions"}],"predecessor-version":[{"id":45297,"href":"https:\/\/hookahshop.lt\/en\/wp-json\/wp\/v2\/product\/17963\/revisions\/45297"}],"wp:featuredmedia":[{"embeddable":true,"href":"https:\/\/hookahshop.lt\/en\/wp-json\/wp\/v2\/media\/17965"}],"wp:attachment":[{"href":"https:\/\/hookahshop.lt\/en\/wp-json\/wp\/v2\/media?parent=17963"}],"curies":[{"name":"wp","href":"https:\/\/api.w.org\/{rel}","templated":true}]}}