{"id":17981,"date":"2021-01-17T17:12:06","date_gmt":"2021-01-17T15:12:06","guid":{"rendered":"https:\/\/hookahshop.lt\/?post_type=product&#038;p=17981"},"modified":"2026-04-22T23:29:17","modified_gmt":"2026-04-22T20:29:17","slug":"kolba-kaljanui-hoob-base-gold","status":"publish","type":"product","link":"https:\/\/hookahshop.lt\/en\/product\/flask-hookah-hoob-base-gold\/","title":{"rendered":"Flask for hookah HOOB Base Gold"},"content":{"rendered":"<h2>Flask for Kaljanui HOOB Base Gold<\/h2>\n<p>Hookah flask, minimalist classic design and gold plating.<\/p>\n<p><strong><span title=\"\">Specifications:<\/span><\/strong><br \/>\nGold-colored glass with a waterline window<br \/>\nConnection hole \u2013 \u00d845 mm<br \/>\nHeight \u2013 25 cm<br \/>\nGlass thickness \u2013 5 mm<br \/>\nSuitable for use with LED lights<\/p>\n<p>Do you have any questions? contact us\u00a0<a href=\"https:\/\/hookahshop.lt\/en\/contacts\/\">contacts page<\/a>\u00a0or email us at\u00a0<a href=\"https:\/\/facebook.com\/HookahShop.lt\/\" target=\"_blank\" rel=\"noopener noreferrer\">Facebook<\/a>\u00a0and we will respond to your request the same day.<\/p>","protected":false},"excerpt":{"rendered":"<p>Kolba Kaljanui HOOB Base Gold Kaljano kolba, minimalistinio klasikinio dizaino ir aukso danga. Specifikacijos: Aukso spalvos stiklas su vandens linijos langu Prijungimo skyl\u0117 &#8211; \u00d845 mm Auk\u0161tis &#8211; 25 cm Stiklo storis &#8211; 5 mm Tinka naudoti su LED \u017eibintais Turite klausim\u0173? Susisiekite su mumis\u00a0kontakt\u0173 puslapyje\u00a0arba para\u0161ykite mums \u012f\u00a0Facebook paskyr\u0105\u00a0ir atsakysime \u012f j\u016bs\u0173 u\u017eklaus\u0105 dar [&hellip;]<\/p>","protected":false},"featured_media":17982,"comment_status":"open","ping_status":"closed","template":"","meta":[],"_links":{"self":[{"href":"https:\/\/hookahshop.lt\/en\/wp-json\/wp\/v2\/product\/17981"}],"collection":[{"href":"https:\/\/hookahshop.lt\/en\/wp-json\/wp\/v2\/product"}],"about":[{"href":"https:\/\/hookahshop.lt\/en\/wp-json\/wp\/v2\/types\/product"}],"replies":[{"embeddable":true,"href":"https:\/\/hookahshop.lt\/en\/wp-json\/wp\/v2\/comments?post=17981"}],"version-history":[{"count":4,"href":"https:\/\/hookahshop.lt\/en\/wp-json\/wp\/v2\/product\/17981\/revisions"}],"predecessor-version":[{"id":45131,"href":"https:\/\/hookahshop.lt\/en\/wp-json\/wp\/v2\/product\/17981\/revisions\/45131"}],"wp:featuredmedia":[{"embeddable":true,"href":"https:\/\/hookahshop.lt\/en\/wp-json\/wp\/v2\/media\/17982"}],"wp:attachment":[{"href":"https:\/\/hookahshop.lt\/en\/wp-json\/wp\/v2\/media?parent=17981"}],"curies":[{"name":"wp","href":"https:\/\/api.w.org\/{rel}","templated":true}]}}