{"id":20830,"date":"2021-03-25T14:10:09","date_gmt":"2021-03-25T12:10:09","guid":{"rendered":"https:\/\/hookahshop.lt\/?post_type=product&#038;p=20830"},"modified":"2026-04-19T23:29:09","modified_gmt":"2026-04-19T20:29:09","slug":"karscio-kamera-na-grani","status":"publish","type":"product","link":"https:\/\/hookahshop.lt\/en\/product\/heat-chamber-na-grani\/","title":{"rendered":"Heat chamber NA GRANI"},"content":{"rendered":"<h2>Heat chamber NA GRANI<\/h2>\n<p>Used instead of foil on a cup and facilitates heat control.<\/p>\n<p><strong>Specifications:<\/strong><br \/>\nMade of stainless steel<br \/>\nSuitable for all cups (round)<br \/>\nOuter diameter: 74mm<br \/>\nInner diameter: 56mm<br \/>\nDepth: 24mm<br \/>\nWeight: 120g.<\/p>\n<p><strong>Advantages:<\/strong><br \/>\nStylish and high quality;<br \/>\nDurable and reliable;<br \/>\nProvides comfortable hookah smoking;<br \/>\nPacked in a branded wooden box.<\/p>\n<p>Do you have any questions? contact us\u00a0<a href=\"https:\/\/hookahshop.lt\/en\/contacts\/\">contacts page<\/a>\u00a0or email us at\u00a0<a href=\"https:\/\/facebook.com\/HookahShop.lt\/\" target=\"_blank\" rel=\"noopener noreferrer\">Facebook<\/a>\u00a0and we will respond to your request the same day.<\/p>","protected":false},"excerpt":{"rendered":"<p>Kar\u0161\u010dio kamera NA GRANI Naudojama vietoj folijos ant taurel\u0117s ir palengvina kar\u0161\u010dio kontrol\u0119. Specifikacijos: Pagamintas i\u0161 ner\u016bdijan\u010dio plieno Tinka visoms taurel\u0117ms (apvalioms) I\u0161orinis skersmuo: 74mm Vidinis skersmuo: 56mm Gylis: 24mm Svoris: 120g. Privalumai: Stilingas ir kokybi\u0161kas; Patvarus ir patikimas; U\u017etikrina patog\u0173 kaljano r\u016bkym\u0105; Supakuotas \u012f firmin\u0119 medin\u0119 d\u0117\u017e\u0119. Turite klausim\u0173? Susisiekite su mumis\u00a0kontakt\u0173 puslapyje\u00a0arba para\u0161ykite [&hellip;]<\/p>","protected":false},"featured_media":20845,"comment_status":"open","ping_status":"closed","template":"","meta":[],"_links":{"self":[{"href":"https:\/\/hookahshop.lt\/en\/wp-json\/wp\/v2\/product\/20830"}],"collection":[{"href":"https:\/\/hookahshop.lt\/en\/wp-json\/wp\/v2\/product"}],"about":[{"href":"https:\/\/hookahshop.lt\/en\/wp-json\/wp\/v2\/types\/product"}],"replies":[{"embeddable":true,"href":"https:\/\/hookahshop.lt\/en\/wp-json\/wp\/v2\/comments?post=20830"}],"version-history":[{"count":7,"href":"https:\/\/hookahshop.lt\/en\/wp-json\/wp\/v2\/product\/20830\/revisions"}],"predecessor-version":[{"id":32453,"href":"https:\/\/hookahshop.lt\/en\/wp-json\/wp\/v2\/product\/20830\/revisions\/32453"}],"wp:featuredmedia":[{"embeddable":true,"href":"https:\/\/hookahshop.lt\/en\/wp-json\/wp\/v2\/media\/20845"}],"wp:attachment":[{"href":"https:\/\/hookahshop.lt\/en\/wp-json\/wp\/v2\/media?parent=20830"}],"curies":[{"name":"wp","href":"https:\/\/api.w.org\/{rel}","templated":true}]}}