{"id":21932,"date":"2021-04-22T20:06:57","date_gmt":"2021-04-22T17:06:57","guid":{"rendered":"https:\/\/hookahshop.lt\/?post_type=product&#038;p=21932"},"modified":"2026-04-14T23:29:07","modified_gmt":"2026-04-14T20:29:07","slug":"kolba-kaljanui-craft-transparent","status":"publish","type":"product","link":"https:\/\/hookahshop.lt\/en\/product\/flask-hookah-craft-clear\/","title":{"rendered":"Flask for hookah CRAFT Transparent"},"content":{"rendered":"<h2>Flask for hookah CRAFT Transparent<\/h2>\n<p>This is a universal clear glass flask.<\/p>\n<p><strong><span title=\"\">Specifications:<\/span><\/strong><br \/>\nHeight: 265 mm<br \/>\nWeight: ~ 1620 g<br \/>\nOuter neck diameter: 74 mm<br \/>\nInner neck diameter: 47 mm<br \/>\nProduct material: glass<\/p>\n<p>Do you have any questions? contact us\u00a0<a href=\"https:\/\/hookahshop.lt\/en\/contacts\/\">contacts page<\/a>\u00a0or email us at\u00a0<a href=\"https:\/\/facebook.com\/HookahShop.lt\/\" target=\"_blank\" rel=\"noopener noreferrer\">Facebook<\/a>\u00a0and we will respond to your request the same day.<\/p>","protected":false},"excerpt":{"rendered":"<p>Kolba kaljanui CRAFT Transparent Tai universali skaidri stiklin\u0117 kolba. Specifikacijos: Auk\u0161tis: 265 mm Svoris: ~ 1620 g I\u0161orinis kaklelio skersmuo: 74 mm Vidinis kaklelio skersmuo: 47 mm Produkto med\u017eiaga: stiklas Turite klausim\u0173? Susisiekite su mumis\u00a0kontakt\u0173 puslapyje\u00a0arba para\u0161ykite mums \u012f\u00a0Facebook paskyr\u0105\u00a0ir atsakysime \u012f j\u016bs\u0173 u\u017eklaus\u0105 dar t\u0105 pa\u010di\u0105 dien\u0105.<\/p>","protected":false},"featured_media":21940,"comment_status":"open","ping_status":"closed","template":"","meta":[],"_links":{"self":[{"href":"https:\/\/hookahshop.lt\/en\/wp-json\/wp\/v2\/product\/21932"}],"collection":[{"href":"https:\/\/hookahshop.lt\/en\/wp-json\/wp\/v2\/product"}],"about":[{"href":"https:\/\/hookahshop.lt\/en\/wp-json\/wp\/v2\/types\/product"}],"replies":[{"embeddable":true,"href":"https:\/\/hookahshop.lt\/en\/wp-json\/wp\/v2\/comments?post=21932"}],"version-history":[{"count":10,"href":"https:\/\/hookahshop.lt\/en\/wp-json\/wp\/v2\/product\/21932\/revisions"}],"predecessor-version":[{"id":42565,"href":"https:\/\/hookahshop.lt\/en\/wp-json\/wp\/v2\/product\/21932\/revisions\/42565"}],"wp:featuredmedia":[{"embeddable":true,"href":"https:\/\/hookahshop.lt\/en\/wp-json\/wp\/v2\/media\/21940"}],"wp:attachment":[{"href":"https:\/\/hookahshop.lt\/en\/wp-json\/wp\/v2\/media?parent=21932"}],"curies":[{"name":"wp","href":"https:\/\/api.w.org\/{rel}","templated":true}]}}