{"id":22060,"date":"2021-04-23T14:55:05","date_gmt":"2021-04-23T11:55:05","guid":{"rendered":"https:\/\/hookahshop.lt\/?post_type=product&#038;p=22060"},"modified":"2026-05-05T23:29:13","modified_gmt":"2026-05-05T20:29:13","slug":"kaljanas-blade-hookah-one-le-black-gold","status":"publish","type":"product","link":"https:\/\/hookahshop.lt\/en\/product\/hookah-blade-hookah-one-le-black-gold\/","title":{"rendered":"Hookah BLADE HOOKAH One LE Black Gold"},"content":{"rendered":"<h2>Hookah BLADE HOOKAH One LE Black Gold<\/h2>\n<p>Kaljanas i\u0161 ner\u016bdijan\u010dio plieno, juoda ir aukso spalva. Visi ner\u016bdijan\u010dio plieno elementai yra padengti titanu. Taip pat yra \u012fmontuota sirupo gaudykl\u0117.<\/p>\n<h4 class=\"tw-data-text tw-text-large XcVN5d tw-ta\" dir=\"ltr\" data-placeholder=\"Vertimas\"><strong>Specification:<\/strong><\/h4>\n<p class=\"tw-data-text tw-text-large XcVN5d tw-ta\" dir=\"ltr\" data-placeholder=\"Vertimas\">Kaljano svoris: ~ \u00a02.5 kg<br \/>\nKaljano auk\u0161tis: ~ 45cm<br \/>\nKandiklio ilgis: ~ 35cm<br \/>\nMed\u017eiagos: ner\u016bdijantis plienas ir patvarios stiklo dalys<br \/>\nMouthpiece: stainless steel<\/p>\n<p><strong>Equipment:<\/strong><br \/>\nShaft, mouthpiece, plate<\/p>\n<p dir=\"ltr\" data-placeholder=\"Vertimas\">Do you have any questions? contact us\u00a0<a href=\"https:\/\/hookahshop.lt\/en\/contacts\/\">contacts page<\/a>\u00a0or email us at\u00a0<a href=\"https:\/\/facebook.com\/HookahShop.lt\/\" target=\"_blank\" rel=\"noopener noreferrer\">Facebook<\/a>\u00a0and we will respond to your request the same day.<\/p>","protected":false},"excerpt":{"rendered":"<p>Kaljanas BLADE HOOKAH One LE Black Gold Kaljanas i\u0161 ner\u016bdijan\u010dio plieno, juoda ir aukso spalva. Visi ner\u016bdijan\u010dio plieno elementai yra padengti titanu. Taip pat yra \u012fmontuota sirupo gaudykl\u0117. Specifikacija: Kaljano svoris: ~ \u00a02.5 kg Kaljano auk\u0161tis: ~ 45cm Kandiklio ilgis: ~ 35cm Med\u017eiagos: ner\u016bdijantis plienas ir patvarios stiklo dalys Kandiklis: ner\u016bdijantis plienas Komplektacija: \u0160achta, kandiklis, [&hellip;]<\/p>","protected":false},"featured_media":22061,"comment_status":"open","ping_status":"closed","template":"","meta":[],"_links":{"self":[{"href":"https:\/\/hookahshop.lt\/en\/wp-json\/wp\/v2\/product\/22060"}],"collection":[{"href":"https:\/\/hookahshop.lt\/en\/wp-json\/wp\/v2\/product"}],"about":[{"href":"https:\/\/hookahshop.lt\/en\/wp-json\/wp\/v2\/types\/product"}],"replies":[{"embeddable":true,"href":"https:\/\/hookahshop.lt\/en\/wp-json\/wp\/v2\/comments?post=22060"}],"version-history":[{"count":14,"href":"https:\/\/hookahshop.lt\/en\/wp-json\/wp\/v2\/product\/22060\/revisions"}],"predecessor-version":[{"id":45954,"href":"https:\/\/hookahshop.lt\/en\/wp-json\/wp\/v2\/product\/22060\/revisions\/45954"}],"wp:featuredmedia":[{"embeddable":true,"href":"https:\/\/hookahshop.lt\/en\/wp-json\/wp\/v2\/media\/22061"}],"wp:attachment":[{"href":"https:\/\/hookahshop.lt\/en\/wp-json\/wp\/v2\/media?parent=22060"}],"curies":[{"name":"wp","href":"https:\/\/api.w.org\/{rel}","templated":true}]}}