{"id":25796,"date":"2021-07-19T13:27:25","date_gmt":"2021-07-19T10:27:25","guid":{"rendered":"https:\/\/hookahshop.lt\/?post_type=product&#038;p=25796"},"modified":"2026-05-12T23:29:19","modified_gmt":"2026-05-12T20:29:19","slug":"kolba-kaljanui-geometry-gh-black-stripe","status":"publish","type":"product","link":"https:\/\/hookahshop.lt\/en\/product\/flask-hookah-geometry-gh-black-stripe\/","title":{"rendered":"Flask for hook GEOMETRY GH Black Stripe"},"content":{"rendered":"<h2>Flask for hook GEOMETRY GH Black Stripe<\/h2>\n<p>The flask is transparent in color and has a unique design. The bottom of the flask is decorated with a black band made of real calf leather. It has a stainless steel nameplate with the company logo on it. The leather strap is easily removable when washing the flask. Suitable for almost all modern hookahs.<\/p>\n<p><strong>Specifications:<\/strong><br \/>\nHeight: 255 mm<br \/>\nWeight: ~ 1745 g<br \/>\nOuter hole diameter: 70 mm<br \/>\nInner hole diameter: 46 mm<br \/>\nProduct material: glass<\/p>\n<p>Do you have any questions? contact us\u00a0<a href=\"https:\/\/hookahshop.lt\/en\/contacts\/\">contacts page<\/a>\u00a0or email us at\u00a0<a href=\"https:\/\/facebook.com\/HookahShop.lt\/\" target=\"_blank\" rel=\"noopener noreferrer\">Facebook<\/a>\u00a0and we will respond to your request the same day.<\/p>","protected":false},"excerpt":{"rendered":"<p>Kolba kaljanui GEOMETRY GH Black Stripe Kolba yra skaidrios spalvos, pagaminta unikalaus dizaino. Kolbos dugn\u0105 puo\u0161ia juodos spalvos juosta, pagaminta i\u0161 tikros ver\u0161elio odos.\u00a0Ant jo yra ner\u016bdijan\u010dio plieno vardin\u0117 plok\u0161t\u0117 su \u012fmon\u0117s logotipu. Odinis dir\u017eas yra lengvai nuimamas plaunant kolb\u0105. Tinka beveik visiems \u0161iuolaikiniams kaljanams. Specifikacijos: Auk\u0161tis: 255 mm Svoris: ~ 1745 g I\u0161orin\u0117s skyl\u0117s [&hellip;]<\/p>","protected":false},"featured_media":25797,"comment_status":"open","ping_status":"closed","template":"","meta":[],"_links":{"self":[{"href":"https:\/\/hookahshop.lt\/en\/wp-json\/wp\/v2\/product\/25796"}],"collection":[{"href":"https:\/\/hookahshop.lt\/en\/wp-json\/wp\/v2\/product"}],"about":[{"href":"https:\/\/hookahshop.lt\/en\/wp-json\/wp\/v2\/types\/product"}],"replies":[{"embeddable":true,"href":"https:\/\/hookahshop.lt\/en\/wp-json\/wp\/v2\/comments?post=25796"}],"version-history":[{"count":8,"href":"https:\/\/hookahshop.lt\/en\/wp-json\/wp\/v2\/product\/25796\/revisions"}],"predecessor-version":[{"id":45129,"href":"https:\/\/hookahshop.lt\/en\/wp-json\/wp\/v2\/product\/25796\/revisions\/45129"}],"wp:featuredmedia":[{"embeddable":true,"href":"https:\/\/hookahshop.lt\/en\/wp-json\/wp\/v2\/media\/25797"}],"wp:attachment":[{"href":"https:\/\/hookahshop.lt\/en\/wp-json\/wp\/v2\/media?parent=25796"}],"curies":[{"name":"wp","href":"https:\/\/api.w.org\/{rel}","templated":true}]}}