{"id":25984,"date":"2021-07-23T01:56:15","date_gmt":"2021-07-22T22:56:15","guid":{"rendered":"https:\/\/hookahshop.lt\/?post_type=product&#038;p=25984"},"modified":"2026-04-15T23:29:03","modified_gmt":"2026-04-15T20:29:03","slug":"kolba-kaljanui-bigmaks-rainbow-starred-night","status":"publish","type":"product","link":"https:\/\/hookahshop.lt\/en\/product\/flask-hookah-bigmaks-rainbow-starred-night\/","title":{"rendered":"Flask for hookah BIGMAKS Rainbow Starred Night"},"content":{"rendered":"<h2>Flask for hookah BIGMAKS Rainbow Starred Night<\/h2>\n<p>This is a glowing dark hookah flask called \u201cStarry Night\u201d made of food crystal glass, and the BigMaks Rainbow Starred Night conveys the impression of a starry night sky.<br \/>\n\u2800<br \/>\n<strong><span title=\"\">Specifications:<\/span><\/strong><br \/>\nHeight: 248 mm<br \/>\nWeight: ~ 1610 g<br \/>\nOuter throat diameter: 72 mm<br \/>\nInner throat diameter: 45 mm<br \/>\nProduct material: crystal glass<\/p>\n<p>Do you have any questions? contact us\u00a0<a href=\"https:\/\/hookahshop.lt\/en\/contacts\/\">contacts page<\/a>\u00a0or email us at\u00a0<a href=\"https:\/\/facebook.com\/HookahShop.lt\/\" target=\"_blank\" rel=\"noopener noreferrer\">Facebook<\/a>\u00a0and we will respond to your request the same day.<\/p>","protected":false},"excerpt":{"rendered":"<p>Kolba kaljanui BIGMAKS Rainbow Starred Night Tai yra \u0161vytinti tamsioje kaljano kolba, vadinama \u201e\u017dvaig\u017ed\u0117ta naktis\u201c, pagaminta i\u0161 maistinio kri\u0161tolo stiklo, \u201eBigMaks Rainbow Starred Night\u201c (\u201e\u017dvaig\u017ed\u0117ta naktis\u201c) perteikia naktinio \u017evaig\u017ed\u0117to dangaus \u012fsp\u016bd\u012f. \u2800 Specifikacijos: Auk\u0161tis: 248 mm Svoris: ~ 1610 g I\u0161orinis gerkl\u0117s skersmuo: 72 mm Vidinis gerkl\u0117s skersmuo: 45 mm Produkto med\u017eiaga: kri\u0161tolo stiklas Turite [&hellip;]<\/p>","protected":false},"featured_media":25985,"comment_status":"open","ping_status":"closed","template":"","meta":[],"_links":{"self":[{"href":"https:\/\/hookahshop.lt\/en\/wp-json\/wp\/v2\/product\/25984"}],"collection":[{"href":"https:\/\/hookahshop.lt\/en\/wp-json\/wp\/v2\/product"}],"about":[{"href":"https:\/\/hookahshop.lt\/en\/wp-json\/wp\/v2\/types\/product"}],"replies":[{"embeddable":true,"href":"https:\/\/hookahshop.lt\/en\/wp-json\/wp\/v2\/comments?post=25984"}],"version-history":[{"count":4,"href":"https:\/\/hookahshop.lt\/en\/wp-json\/wp\/v2\/product\/25984\/revisions"}],"predecessor-version":[{"id":45088,"href":"https:\/\/hookahshop.lt\/en\/wp-json\/wp\/v2\/product\/25984\/revisions\/45088"}],"wp:featuredmedia":[{"embeddable":true,"href":"https:\/\/hookahshop.lt\/en\/wp-json\/wp\/v2\/media\/25985"}],"wp:attachment":[{"href":"https:\/\/hookahshop.lt\/en\/wp-json\/wp\/v2\/media?parent=25984"}],"curies":[{"name":"wp","href":"https:\/\/api.w.org\/{rel}","templated":true}]}}