{"id":25988,"date":"2021-07-23T02:00:22","date_gmt":"2021-07-22T23:00:22","guid":{"rendered":"https:\/\/hookahshop.lt\/?post_type=product&#038;p=25988"},"modified":"2026-04-15T23:29:02","modified_gmt":"2026-04-15T20:29:02","slug":"kolba-kaljanui-bigmaks-drop-grey","status":"publish","type":"product","link":"https:\/\/hookahshop.lt\/en\/product\/flask-hookah-bigmaks-drop-gray\/","title":{"rendered":"Flask for hookah BIGMAKS Drop Gray"},"content":{"rendered":"<h2>Flask for hookah BIGMAKS Drop Gray<\/h2>\n<p>The hookah is made in the shape of a drop and made of durable glass. Suitable for both small and medium hookahs.<\/p>\n<div class=\"result-shield-container tlid-copy-target\"><span class=\"tlid-translation translation\" lang=\"lt\"><strong><span title=\"\">Specifications:<\/span><\/strong><br \/>\n<span title=\"\">Height: 280 mm<\/span><br \/>\n<span title=\"\">Weight: ~ 1200 g<\/span><br \/>\n<span class=\"\" title=\"\">Outer hole diameter: 70 mm<\/span><br \/>\n<span class=\"\" title=\"\">Inner hole diameter: 45 mm<\/span><br \/>\n<span class=\"\" title=\"\">Product material: glass<\/span><\/span><\/div>\n<div><\/div>\n<div>Do you have any questions? contact us\u00a0<a href=\"https:\/\/hookahshop.lt\/en\/contacts\/\">contacts page<\/a>\u00a0or email us at\u00a0<a href=\"https:\/\/facebook.com\/HookahShop.lt\/\" target=\"_blank\" rel=\"noopener noreferrer\">Facebook<\/a>\u00a0and we will respond to your request the same day.<\/div>","protected":false},"excerpt":{"rendered":"<p>Kolba kaljanui BIGMAKS Drop Grey Kaljanas pagamintas la\u0161o (,,drop&#8221;) formos ir i\u0161 patvaraus stiklo. Tinka tiek su ma\u017eais, tiek su vidutiniais kaljanais. Specifikacijos: Auk\u0161tis: 280 mm Svoris: ~ 1200 g I\u0161orin\u0117s skyl\u0117s skersmuo: 70 mm Vidin\u0117s skyl\u0117s skersmuo: 45 mm Produkto med\u017eiaga: stiklas Turite klausim\u0173? Susisiekite su mumis\u00a0kontakt\u0173 puslapyje\u00a0arba para\u0161ykite mums \u012f\u00a0Facebook paskyr\u0105\u00a0ir atsakysime \u012f [&hellip;]<\/p>","protected":false},"featured_media":25989,"comment_status":"open","ping_status":"closed","template":"","meta":[],"_links":{"self":[{"href":"https:\/\/hookahshop.lt\/en\/wp-json\/wp\/v2\/product\/25988"}],"collection":[{"href":"https:\/\/hookahshop.lt\/en\/wp-json\/wp\/v2\/product"}],"about":[{"href":"https:\/\/hookahshop.lt\/en\/wp-json\/wp\/v2\/types\/product"}],"replies":[{"embeddable":true,"href":"https:\/\/hookahshop.lt\/en\/wp-json\/wp\/v2\/comments?post=25988"}],"version-history":[{"count":5,"href":"https:\/\/hookahshop.lt\/en\/wp-json\/wp\/v2\/product\/25988\/revisions"}],"predecessor-version":[{"id":43069,"href":"https:\/\/hookahshop.lt\/en\/wp-json\/wp\/v2\/product\/25988\/revisions\/43069"}],"wp:featuredmedia":[{"embeddable":true,"href":"https:\/\/hookahshop.lt\/en\/wp-json\/wp\/v2\/media\/25989"}],"wp:attachment":[{"href":"https:\/\/hookahshop.lt\/en\/wp-json\/wp\/v2\/media?parent=25988"}],"curies":[{"name":"wp","href":"https:\/\/api.w.org\/{rel}","templated":true}]}}