{"id":25993,"date":"2021-07-23T02:04:07","date_gmt":"2021-07-22T23:04:07","guid":{"rendered":"https:\/\/hookahshop.lt\/?post_type=product&#038;p=25993"},"modified":"2026-04-15T23:29:03","modified_gmt":"2026-04-15T20:29:03","slug":"kolba-kaljanui-bigmaks-rocket-grey","status":"publish","type":"product","link":"https:\/\/hookahshop.lt\/en\/product\/flask-hookah-bigmaks-rocket-gray\/","title":{"rendered":"Flask for hookah BIGMAKS Rocket Gray"},"content":{"rendered":"<h2>Flask for hookah BIGMAKS Rocket Gray<\/h2>\n<p>This is a completely new type of flask, which is called &quot;Rocket&quot; because of its original shape. The flask for hookah BIGMAKS Rocket is made of crystal glass and has a gray shade. Suitable for almost all modern hookahs.<\/p>\n<div class=\"result-shield-container tlid-copy-target\"><span class=\"tlid-translation translation\" lang=\"lt\"><strong><span title=\"\">Specifications:<\/span><\/strong><br \/>\n<span title=\"\">Height: 257 mm<\/span><br \/>\n<span title=\"\">Weight: ~ 1610 g<\/span><br \/>\n<span class=\"\" title=\"\">Outer hole diameter: 71 mm<\/span><br \/>\n<span class=\"\" title=\"\">Inner hole diameter: 47 mm<\/span><br \/>\n<span class=\"\" title=\"\">Product material: crystal glass<\/span><\/span><\/div>\n<div><\/div>\n<div>Do you have any questions? contact us\u00a0<a href=\"https:\/\/hookahshop.lt\/en\/contacts\/\">contacts page<\/a>\u00a0or email us at\u00a0<a href=\"https:\/\/facebook.com\/HookahShop.lt\/\" target=\"_blank\" rel=\"noopener noreferrer\">Facebook<\/a>\u00a0and we will respond to your request the same day.<\/div>","protected":false},"excerpt":{"rendered":"<p>Kolba kaljanui BIGMAKS Rocket Grey Tai visi\u0161kai naujo tipo kolba, kuri d\u0117l savo orginalios formos vadinama ,,Rocket&#8221;. Kolba kaljanui BIGMAKS Rocket yra pagaminta i\u0161 krik\u0161tolo stiklo ir yra pilko atspalvio. Tinka beveik visiems \u0161iuolaikiniams kaljanams. Specifikacijos: Auk\u0161tis: 257 mm Svoris: ~ 1610 g I\u0161orin\u0117s skyl\u0117s skersmuo: 71 mm Vidin\u0117s skyl\u0117s skersmuo: 47 mm Produkto med\u017eiaga: [&hellip;]<\/p>","protected":false},"featured_media":25994,"comment_status":"open","ping_status":"closed","template":"","meta":[],"_links":{"self":[{"href":"https:\/\/hookahshop.lt\/en\/wp-json\/wp\/v2\/product\/25993"}],"collection":[{"href":"https:\/\/hookahshop.lt\/en\/wp-json\/wp\/v2\/product"}],"about":[{"href":"https:\/\/hookahshop.lt\/en\/wp-json\/wp\/v2\/types\/product"}],"replies":[{"embeddable":true,"href":"https:\/\/hookahshop.lt\/en\/wp-json\/wp\/v2\/comments?post=25993"}],"version-history":[{"count":4,"href":"https:\/\/hookahshop.lt\/en\/wp-json\/wp\/v2\/product\/25993\/revisions"}],"predecessor-version":[{"id":45098,"href":"https:\/\/hookahshop.lt\/en\/wp-json\/wp\/v2\/product\/25993\/revisions\/45098"}],"wp:featuredmedia":[{"embeddable":true,"href":"https:\/\/hookahshop.lt\/en\/wp-json\/wp\/v2\/media\/25994"}],"wp:attachment":[{"href":"https:\/\/hookahshop.lt\/en\/wp-json\/wp\/v2\/media?parent=25993"}],"curies":[{"name":"wp","href":"https:\/\/api.w.org\/{rel}","templated":true}]}}