{"id":25997,"date":"2021-07-23T02:06:18","date_gmt":"2021-07-22T23:06:18","guid":{"rendered":"https:\/\/hookahshop.lt\/?post_type=product&#038;p=25997"},"modified":"2026-04-15T23:29:03","modified_gmt":"2026-04-15T20:29:03","slug":"kolba-kaljanui-bigmaks-rocket","status":"publish","type":"product","link":"https:\/\/hookahshop.lt\/en\/product\/flask-hookah-bigmaks-rocket\/","title":{"rendered":"Flask for hookah BIGMAKS Rocket"},"content":{"rendered":"<h2>Flask for hookah BIGMAKS Rocket<\/h2>\n<p>This is a completely new type of flask, which is called &quot;Rocket&quot; due to its original shape. Hook for BIGMAKS Rocket is made of crystal glass. Suitable for almost all modern hookahs.<\/p>\n<div class=\"result-shield-container tlid-copy-target\"><span class=\"tlid-translation translation\" lang=\"lt\"><strong><span title=\"\">Specifications:<\/span><\/strong><br \/>\n<span title=\"\">Height: 257 mm<\/span><br \/>\n<span title=\"\">Weight: ~ 1610 g<\/span><br \/>\n<span class=\"\" title=\"\">Outer hole diameter: 71 mm<\/span><br \/>\n<span class=\"\" title=\"\">Inner hole diameter: 47 mm<\/span><br \/>\n<span class=\"\" title=\"\">Product material: crystal glass<\/span><\/span><\/div>\n<div><\/div>\n<div>Do you have any questions? contact us\u00a0<a href=\"https:\/\/hookahshop.lt\/en\/contacts\/\">contacts page<\/a>\u00a0or email us at\u00a0<a href=\"https:\/\/facebook.com\/HookahShop.lt\/\" target=\"_blank\" rel=\"noopener noreferrer\">Facebook<\/a>\u00a0and we will respond to your request the same day.<\/div>","protected":false},"excerpt":{"rendered":"<p>Kolba kaljanui BIGMAKS Rocket Tai visi\u0161kai naujo tipo kolba, kuri d\u0117l savo orginalios formos vadinama ,,Rocket\u201d. Kolba kaljanui BIGMAKS Rocket yra pagaminta i\u0161 krik\u0161tolo stiklo. Tinka beveik visiems \u0161iuolaikiniams kaljanams. Specifikacijos: Auk\u0161tis: 257 mm Svoris: ~ 1610 g I\u0161orin\u0117s skyl\u0117s skersmuo: 71 mm Vidin\u0117s skyl\u0117s skersmuo: 47 mm Produkto med\u017eiaga: kri\u0161tolo stiklas Turite klausim\u0173? Susisiekite [&hellip;]<\/p>","protected":false},"featured_media":25998,"comment_status":"open","ping_status":"closed","template":"","meta":[],"_links":{"self":[{"href":"https:\/\/hookahshop.lt\/en\/wp-json\/wp\/v2\/product\/25997"}],"collection":[{"href":"https:\/\/hookahshop.lt\/en\/wp-json\/wp\/v2\/product"}],"about":[{"href":"https:\/\/hookahshop.lt\/en\/wp-json\/wp\/v2\/types\/product"}],"replies":[{"embeddable":true,"href":"https:\/\/hookahshop.lt\/en\/wp-json\/wp\/v2\/comments?post=25997"}],"version-history":[{"count":4,"href":"https:\/\/hookahshop.lt\/en\/wp-json\/wp\/v2\/product\/25997\/revisions"}],"predecessor-version":[{"id":45096,"href":"https:\/\/hookahshop.lt\/en\/wp-json\/wp\/v2\/product\/25997\/revisions\/45096"}],"wp:featuredmedia":[{"embeddable":true,"href":"https:\/\/hookahshop.lt\/en\/wp-json\/wp\/v2\/media\/25998"}],"wp:attachment":[{"href":"https:\/\/hookahshop.lt\/en\/wp-json\/wp\/v2\/media?parent=25997"}],"curies":[{"name":"wp","href":"https:\/\/api.w.org\/{rel}","templated":true}]}}