{"id":26001,"date":"2021-07-23T02:10:05","date_gmt":"2021-07-22T23:10:05","guid":{"rendered":"https:\/\/hookahshop.lt\/?post_type=product&#038;p=26001"},"modified":"2026-04-15T23:29:03","modified_gmt":"2026-04-15T20:29:03","slug":"kolba-kaljanui-bigmaks-ufo-light-grey","status":"publish","type":"product","link":"https:\/\/hookahshop.lt\/en\/product\/flask-hookah-bigmaks-ufo-light-gray\/","title":{"rendered":"Flask for hookah BIGMAKS UFO Light Gray"},"content":{"rendered":"<h2>Flask for hookah BIGMAKS UFO Light Gray<\/h2>\n<p>The hookah flask is made in the form of a flying saucer. The flask has no sides, making it look flat compared to other flasks. Available in light gray. Suitable for all hookahs.<\/p>\n<div class=\"result-shield-container tlid-copy-target\"><span class=\"tlid-translation translation\" lang=\"lt\"><strong><span title=\"\">Specifications:<\/span><\/strong><br \/>\n<span title=\"\">Height: 248 mm<\/span><br \/>\n<span title=\"\">Weight: ~ 1820 g<\/span><br \/>\n<span class=\"\" title=\"\">Outer hole diameter: 67 mm<\/span><br \/>\n<span class=\"\" title=\"\">Inner hole diameter: 45 mm<\/span><br \/>\n<span class=\"\" title=\"\">Product material: glass<\/span><\/span><\/div>\n<div><\/div>\n<div>Do you have any questions? contact us\u00a0<a href=\"https:\/\/hookahshop.lt\/en\/contacts\/\">contacts page<\/a>\u00a0or email us at\u00a0<a href=\"https:\/\/facebook.com\/HookahShop.lt\/\" target=\"_blank\" rel=\"noopener noreferrer\">Facebook<\/a>\u00a0and we will respond to your request the same day.<\/div>","protected":false},"excerpt":{"rendered":"<p>Kolba kaljanui BIGMAKS UFO Light Grey Kaljano kolba pagaminta skraidan\u010dios l\u0117k\u0161t\u0117s forma. Kolba neturi \u0161on\u0173, tod\u0117l atrodo plok\u0161\u010dia lyginant su kitomis kolbomis. Yra \u0161viesiai pilkos spalvos. Tinka visiems kaljanams. Specifikacijos: Auk\u0161tis: 248 mm Svoris: ~ 1820 g I\u0161orin\u0117s skyl\u0117s skersmuo: 67 mm Vidin\u0117s skyl\u0117s skersmuo: 45 mm Produkto med\u017eiaga: stiklas Turite klausim\u0173? Susisiekite su mumis\u00a0kontakt\u0173 [&hellip;]<\/p>","protected":false},"featured_media":26002,"comment_status":"open","ping_status":"closed","template":"","meta":[],"_links":{"self":[{"href":"https:\/\/hookahshop.lt\/en\/wp-json\/wp\/v2\/product\/26001"}],"collection":[{"href":"https:\/\/hookahshop.lt\/en\/wp-json\/wp\/v2\/product"}],"about":[{"href":"https:\/\/hookahshop.lt\/en\/wp-json\/wp\/v2\/types\/product"}],"replies":[{"embeddable":true,"href":"https:\/\/hookahshop.lt\/en\/wp-json\/wp\/v2\/comments?post=26001"}],"version-history":[{"count":4,"href":"https:\/\/hookahshop.lt\/en\/wp-json\/wp\/v2\/product\/26001\/revisions"}],"predecessor-version":[{"id":45103,"href":"https:\/\/hookahshop.lt\/en\/wp-json\/wp\/v2\/product\/26001\/revisions\/45103"}],"wp:featuredmedia":[{"embeddable":true,"href":"https:\/\/hookahshop.lt\/en\/wp-json\/wp\/v2\/media\/26002"}],"wp:attachment":[{"href":"https:\/\/hookahshop.lt\/en\/wp-json\/wp\/v2\/media?parent=26001"}],"curies":[{"name":"wp","href":"https:\/\/api.w.org\/{rel}","templated":true}]}}