{"id":27266,"date":"2021-09-02T00:03:25","date_gmt":"2021-09-01T21:03:25","guid":{"rendered":"https:\/\/hookahshop.lt\/?post_type=product&#038;p=27266"},"modified":"2026-04-13T16:23:22","modified_gmt":"2026-04-13T13:23:22","slug":"kolba-kaljanui-daly-black-red","status":"publish","type":"product","link":"https:\/\/hookahshop.lt\/en\/product\/flask-hookah-daly-black-red\/","title":{"rendered":"Flask for hookah DALY Black Red"},"content":{"rendered":"<h2>Flask for hookah DALY Black Red<\/h2>\n<p>This flask is made of high quality thick glass. The base of the flask is made of black glass, which changes to red.<\/p>\n<p><strong>Specifications:<\/strong><br \/>\nHeight: 243 mm<br \/>\nWeight: ~ 1775 g<br \/>\nOuter hole diameter: 70 mm<br \/>\nInner hole diameter: 48 mm<br \/>\nProduct material: glass<\/p>\n<p>Do you have any questions? contact us\u00a0<a href=\"https:\/\/hookahshop.lt\/en\/contacts\/\">contacts page<\/a>\u00a0or email us at\u00a0<a href=\"https:\/\/facebook.com\/HookahShop.lt\/\" target=\"_blank\" rel=\"noopener noreferrer\">Facebook<\/a>\u00a0and we will respond to your request the same day.<\/p>\n<p>&nbsp;<\/p>","protected":false},"excerpt":{"rendered":"<p>Kolba kaljanui DALY Black Red \u0160i kolba pagaminta i\u0161 auk\u0161tos kokyb\u0117s storo stiklo. Kolbos pagrindas pagamintas i\u0161 juodo stiklo, kuris pereina \u012f raudon\u0105 spalv\u0105. Specifikacijos: Auk\u0161tis: 243 mm Svoris: ~ 1775 g I\u0161orin\u0117s skyl\u0117s skersmuo: 70 mm Vidin\u0117s skyl\u0117s skersmuo: 48 mm Produkto med\u017eiaga: stiklas Turite klausim\u0173? Susisiekite su mumis\u00a0kontakt\u0173 puslapyje\u00a0arba para\u0161ykite mums \u012f\u00a0Facebook paskyr\u0105\u00a0ir [&hellip;]<\/p>","protected":false},"featured_media":27267,"comment_status":"open","ping_status":"closed","template":"","meta":[],"_links":{"self":[{"href":"https:\/\/hookahshop.lt\/en\/wp-json\/wp\/v2\/product\/27266"}],"collection":[{"href":"https:\/\/hookahshop.lt\/en\/wp-json\/wp\/v2\/product"}],"about":[{"href":"https:\/\/hookahshop.lt\/en\/wp-json\/wp\/v2\/types\/product"}],"replies":[{"embeddable":true,"href":"https:\/\/hookahshop.lt\/en\/wp-json\/wp\/v2\/comments?post=27266"}],"version-history":[{"count":5,"href":"https:\/\/hookahshop.lt\/en\/wp-json\/wp\/v2\/product\/27266\/revisions"}],"predecessor-version":[{"id":45020,"href":"https:\/\/hookahshop.lt\/en\/wp-json\/wp\/v2\/product\/27266\/revisions\/45020"}],"wp:featuredmedia":[{"embeddable":true,"href":"https:\/\/hookahshop.lt\/en\/wp-json\/wp\/v2\/media\/27267"}],"wp:attachment":[{"href":"https:\/\/hookahshop.lt\/en\/wp-json\/wp\/v2\/media?parent=27266"}],"curies":[{"name":"wp","href":"https:\/\/api.w.org\/{rel}","templated":true}]}}