{"id":28731,"date":"2021-10-25T15:43:23","date_gmt":"2021-10-25T12:43:23","guid":{"rendered":"https:\/\/hookahshop.lt\/?post_type=product&#038;p=28731"},"modified":"2026-04-14T23:28:50","modified_gmt":"2026-04-14T20:28:50","slug":"kaljanas-y-k-a-p-eco-e2","status":"publish","type":"product","link":"https:\/\/hookahshop.lt\/en\/product\/kaljanas-ykap-eco-e2\/","title":{"rendered":"Hookah YKAP Eco E2"},"content":{"rendered":"<h2>Hookah YKAP Eco E2<\/h2>\n<p>The new hookah &quot;YKAP Eco E2&quot; from the well-known manufacturer from Russia - YKAP. This is a high-quality hookah that will guarantee a pleasant session. The hookah has an easy pull.<\/p>\n<p><strong>Specification:<\/strong><br \/>\nMaterial (external): anodized aluminum<br \/>\nMaterial (internal): stainless steel (Bottom of the pole in contact with water)<br \/>\nThe shaft (mast) is fully selectable<br \/>\nConnector with O-ring<br \/>\nVertical smoke purge<br \/>\nPlate (stainless steel powder coated)<br \/>\nHeight of the shaft (stem) without flask: 47 cm<br \/>\nInner diameter of the shaft (mast): 13 mm<br \/>\nDiffuser: Yes (integrated)<\/p>\n<p>&nbsp;<\/p>\n<p><strong>Equipment:<\/strong><\/p>\n<p>Shaft (stem), plate, mouthpiece, silicone black hose, gasket set.<\/p>\n<p><img decoding=\"async\" loading=\"lazy\" class=\"alignnone size-medium wp-image-38521\" src=\"https:\/\/hookahshop.lt\/wp-content\/uploads\/2020\/09\/stiebas-zarna-kandiklis-1-300x273.jpg\" alt=\"- hookahshop.lt\" width=\"300\" height=\"273\" srcset=\"https:\/\/hookahshop.lt\/wp-content\/uploads\/2020\/09\/stiebas-zarna-kandiklis-1-300x273.jpg 300w, https:\/\/hookahshop.lt\/wp-content\/uploads\/2020\/09\/stiebas-zarna-kandiklis-1-13x12.jpg 13w, https:\/\/hookahshop.lt\/wp-content\/uploads\/2020\/09\/stiebas-zarna-kandiklis-1-64x58.jpg 64w, https:\/\/hookahshop.lt\/wp-content\/uploads\/2020\/09\/stiebas-zarna-kandiklis-1.jpg 420w\" sizes=\"(max-width: 300px) 100vw, 300px\" title=\"\"><\/p>\n<p>Do you have any questions? contact us <a href=\"https:\/\/hookahshop.lt\/en\/contacts\/\">contacts page<\/a>\u00a0or email us at\u00a0<a href=\"https:\/\/facebook.com\/HookahShop.lt\/\" target=\"_blank\" rel=\"noopener noreferrer\">Facebook<\/a>\u00a0and we will respond to your request the same day.<\/p>\n<p>&nbsp;<\/p>","protected":false},"excerpt":{"rendered":"<p>Kaljanas YKAP Eco E2 \u017dinomo gamintojo i\u0161 Rusijos &#8211; YKAP naujasis kaljanas &#8222;YKAP Eco E2&#8221;. Tai auk\u0161tos kokyb\u0117s kaljanas, kuris garantuos malon\u0173 seans\u0105. Kaljanas lengvos traukos. Specifikacija: Med\u017eiaga (i\u0161or\u0117s): anoduotas aliuminis Med\u017eiaga (vidaus): ner\u016bdyjan\u010dio plieno (Stiebo apatin\u0117 dalis kuri lie\u010diasi su vandeniu) \u0160achta (stiebas) pilnai i\u0161renkama Konektorius su O-ring Vertikalus d\u016bm\u0173 prap\u016btimas L\u0117k\u0161t\u0117 (ner\u016bdijan\u010dio pliento [&hellip;]<\/p>","protected":false},"featured_media":29965,"comment_status":"open","ping_status":"closed","template":"","meta":[],"_links":{"self":[{"href":"https:\/\/hookahshop.lt\/en\/wp-json\/wp\/v2\/product\/28731"}],"collection":[{"href":"https:\/\/hookahshop.lt\/en\/wp-json\/wp\/v2\/product"}],"about":[{"href":"https:\/\/hookahshop.lt\/en\/wp-json\/wp\/v2\/types\/product"}],"replies":[{"embeddable":true,"href":"https:\/\/hookahshop.lt\/en\/wp-json\/wp\/v2\/comments?post=28731"}],"version-history":[{"count":12,"href":"https:\/\/hookahshop.lt\/en\/wp-json\/wp\/v2\/product\/28731\/revisions"}],"predecessor-version":[{"id":45182,"href":"https:\/\/hookahshop.lt\/en\/wp-json\/wp\/v2\/product\/28731\/revisions\/45182"}],"wp:featuredmedia":[{"embeddable":true,"href":"https:\/\/hookahshop.lt\/en\/wp-json\/wp\/v2\/media\/29965"}],"wp:attachment":[{"href":"https:\/\/hookahshop.lt\/en\/wp-json\/wp\/v2\/media?parent=28731"}],"curies":[{"name":"wp","href":"https:\/\/api.w.org\/{rel}","templated":true}]}}