{"id":29917,"date":"2021-12-09T11:44:39","date_gmt":"2021-12-09T09:44:39","guid":{"rendered":"https:\/\/hookahshop.lt\/?post_type=product&#038;p=29917"},"modified":"2026-04-14T23:29:24","modified_gmt":"2026-04-14T20:29:24","slug":"kaljanas-ykap-killer-wave-brown","status":"publish","type":"product","link":"https:\/\/hookahshop.lt\/en\/product\/kaljanas-ykap-killer-wave-brown\/","title":{"rendered":"Hookah YKAP Killer Wave Brown"},"content":{"rendered":"<h2>Hookah YKAP Killer Wave Brown<\/h2>\n<p>The new hookah &quot;YKAP Classic Brown&quot; by a well-known manufacturer from Russia - YKAP. It is a small-sized and high-quality hookah that will guarantee a pleasant session. The hookah is made using the highest quality materials, which will ensure a long service life of the hookah. Classic hookah.<\/p>\n<p><strong>Equipment:<\/strong><br \/>\nHook (stainless steel) with wood detail.<br \/>\nSilicone hose (O-ring)<br \/>\nDiffuser: none (classic draft)<\/p>\n<p><img decoding=\"async\" loading=\"lazy\" class=\"alignnone size-medium wp-image-38521\" src=\"https:\/\/hookahshop.lt\/wp-content\/uploads\/2020\/09\/stiebas-zarna-kandiklis-1-300x273.jpg\" alt=\"- hookahshop.lt\" width=\"300\" height=\"273\" srcset=\"https:\/\/hookahshop.lt\/wp-content\/uploads\/2020\/09\/stiebas-zarna-kandiklis-1-300x273.jpg 300w, https:\/\/hookahshop.lt\/wp-content\/uploads\/2020\/09\/stiebas-zarna-kandiklis-1-13x12.jpg 13w, https:\/\/hookahshop.lt\/wp-content\/uploads\/2020\/09\/stiebas-zarna-kandiklis-1-64x58.jpg 64w, https:\/\/hookahshop.lt\/wp-content\/uploads\/2020\/09\/stiebas-zarna-kandiklis-1.jpg 420w\" sizes=\"(max-width: 300px) 100vw, 300px\" title=\"\"><\/p>\n<p><strong>Specification:<\/strong><br \/>\nHeight: 54cm<br \/>\nCountry of origin: Russia<\/p>\n<p>Do you have any questions? contact us <a href=\"https:\/\/hookahshop.lt\/en\/contacts\/\">contacts page<\/a>\u00a0or email us at\u00a0<a href=\"https:\/\/facebook.com\/HookahShop.lt\/\" target=\"_blank\" rel=\"noopener noreferrer\">Facebook<\/a>\u00a0and we will respond to your request the same day.<\/p>","protected":false},"excerpt":{"rendered":"<p>Kaljanas YKAP Killer Wave Brown \u017dinomo gamintojo i\u0161 Rusijos &#8211; YKAP naujasis kaljanas &#8222;YKAP Classic Brown&#8221;. Tai ma\u017eo dyd\u017eio ir auk\u0161tos kokyb\u0117s kaljanas, kuris garantuos malon\u0173 seans\u0105. Kaljanas pagamintas naudojant auk\u0161\u010diausios kokyb\u0117s med\u017eiagas, tai u\u017etikrins kaljano ilg\u0105 tarnavimo laik\u0105. Klasikin\u0117s traukos kaljanas. Komplektacija: Kaljanas (\u0161achta) Ner\u016bdijan\u010dio plieno su medienos detale. Silikonin\u0117 \u017earna (O-ring) Difuzorius: n\u0117ra [&hellip;]<\/p>","protected":false},"featured_media":29958,"comment_status":"open","ping_status":"closed","template":"","meta":[],"_links":{"self":[{"href":"https:\/\/hookahshop.lt\/en\/wp-json\/wp\/v2\/product\/29917"}],"collection":[{"href":"https:\/\/hookahshop.lt\/en\/wp-json\/wp\/v2\/product"}],"about":[{"href":"https:\/\/hookahshop.lt\/en\/wp-json\/wp\/v2\/types\/product"}],"replies":[{"embeddable":true,"href":"https:\/\/hookahshop.lt\/en\/wp-json\/wp\/v2\/comments?post=29917"}],"version-history":[{"count":10,"href":"https:\/\/hookahshop.lt\/en\/wp-json\/wp\/v2\/product\/29917\/revisions"}],"predecessor-version":[{"id":44258,"href":"https:\/\/hookahshop.lt\/en\/wp-json\/wp\/v2\/product\/29917\/revisions\/44258"}],"wp:featuredmedia":[{"embeddable":true,"href":"https:\/\/hookahshop.lt\/en\/wp-json\/wp\/v2\/media\/29958"}],"wp:attachment":[{"href":"https:\/\/hookahshop.lt\/en\/wp-json\/wp\/v2\/media?parent=29917"}],"curies":[{"name":"wp","href":"https:\/\/api.w.org\/{rel}","templated":true}]}}