{"id":30171,"date":"2021-12-17T21:46:57","date_gmt":"2021-12-17T19:46:57","guid":{"rendered":"https:\/\/hookahshop.lt\/?post_type=product&#038;p=30171"},"modified":"2026-04-17T16:33:29","modified_gmt":"2026-04-17T13:33:29","slug":"kolba-kaljanui-su-sriegiu-aladin-mvp550-black","status":"publish","type":"product","link":"https:\/\/hookahshop.lt\/en\/product\/flask-hookah-with-thread-aladin-mvp550-black\/","title":{"rendered":"Flask with hook ALADIN MVP550 Black"},"content":{"rendered":"<h2>Flask with hook ALADIN MVP550 Black<\/h2>\n<p>The threaded flask is only for ALADIN MVP550 hookah.<\/p>\n<p><strong><span title=\"\">Specifications:<\/span><\/strong><br \/>\nColor - transparent black.<br \/>\nHeight: 27cm<\/p>\n<p>Do you have any questions? contact us\u00a0<a href=\"https:\/\/hookahshop.lt\/en\/contacts\/\">contacts page<\/a>\u00a0or email us at\u00a0<a href=\"https:\/\/facebook.com\/HookahShop.lt\/\" target=\"_blank\" rel=\"noopener noreferrer\">Facebook<\/a>\u00a0and we will respond to your request the same day.<\/p>","protected":false},"excerpt":{"rendered":"<p>Kolba kaljanui su sriegiu ALADIN MVP550 Black Kolba su sriegiu skirta tik ALADIN MVP550\u00a0 kaljanui. Specifikacijos: Spalva \u2013 skaidriai juoda. Auk\u0161tis: 27cm Turite klausim\u0173? Susisiekite su mumis\u00a0kontakt\u0173 puslapyje\u00a0arba para\u0161ykite mums \u012f\u00a0Facebook paskyr\u0105\u00a0ir atsakysime \u012f j\u016bs\u0173 u\u017eklaus\u0105 dar t\u0105 pa\u010di\u0105 dien\u0105.<\/p>","protected":false},"featured_media":30176,"comment_status":"open","ping_status":"closed","template":"","meta":[],"_links":{"self":[{"href":"https:\/\/hookahshop.lt\/en\/wp-json\/wp\/v2\/product\/30171"}],"collection":[{"href":"https:\/\/hookahshop.lt\/en\/wp-json\/wp\/v2\/product"}],"about":[{"href":"https:\/\/hookahshop.lt\/en\/wp-json\/wp\/v2\/types\/product"}],"replies":[{"embeddable":true,"href":"https:\/\/hookahshop.lt\/en\/wp-json\/wp\/v2\/comments?post=30171"}],"version-history":[{"count":6,"href":"https:\/\/hookahshop.lt\/en\/wp-json\/wp\/v2\/product\/30171\/revisions"}],"predecessor-version":[{"id":42980,"href":"https:\/\/hookahshop.lt\/en\/wp-json\/wp\/v2\/product\/30171\/revisions\/42980"}],"wp:featuredmedia":[{"embeddable":true,"href":"https:\/\/hookahshop.lt\/en\/wp-json\/wp\/v2\/media\/30176"}],"wp:attachment":[{"href":"https:\/\/hookahshop.lt\/en\/wp-json\/wp\/v2\/media?parent=30171"}],"curies":[{"name":"wp","href":"https:\/\/api.w.org\/{rel}","templated":true}]}}