{"id":30177,"date":"2021-12-17T22:20:10","date_gmt":"2021-12-17T20:20:10","guid":{"rendered":"https:\/\/hookahshop.lt\/?post_type=product&#038;p=30177"},"modified":"2026-02-17T14:42:56","modified_gmt":"2026-02-17T12:42:56","slug":"kolba-kaljanui-su-sriegiu-aladin-mvp550","status":"publish","type":"product","link":"https:\/\/hookahshop.lt\/en\/product\/flask-hookah-with-thread-aladdin-mvp550-clear\/","title":{"rendered":"Hook for thread with thread ALADIN MVP550 Clear"},"content":{"rendered":"<h2>Hook for thread with thread ALADIN MVP550 Clear<\/h2>\n<p>Threaded flask is only for ALADIN MVP550 hookah.<\/p>\n<p><strong><span title=\"\">Specifications:<\/span><\/strong><br \/>\nColor - various colors.<br \/>\nHeight: 27cm<\/p>\n<p>&nbsp;<\/p>\n<p>Do you have any questions? contact us\u00a0<a href=\"https:\/\/hookahshop.lt\/en\/contacts\/\">contacts page<\/a>\u00a0or email us at\u00a0<a href=\"https:\/\/facebook.com\/HookahShop.lt\/\" target=\"_blank\" rel=\"noopener noreferrer\">Facebook<\/a>\u00a0and we will respond to your request the same day.<\/p>","protected":false},"excerpt":{"rendered":"<p>Kolba kaljanui su sriegiu ALADIN MVP550 Clear Kolba su sriegiu skirta tik ALADIN MVP550 kaljanui. Specifikacijos: Spalva \u2013 \u012fvairi\u0173 spalv\u0173. Auk\u0161tis: 27cm &nbsp; Turite klausim\u0173? Susisiekite su mumis\u00a0kontakt\u0173 puslapyje\u00a0arba para\u0161ykite mums \u012f\u00a0Facebook paskyr\u0105\u00a0ir atsakysime \u012f j\u016bs\u0173 u\u017eklaus\u0105 dar t\u0105 pa\u010di\u0105 dien\u0105.<\/p>","protected":false},"featured_media":30180,"comment_status":"open","ping_status":"closed","template":"","meta":[],"_links":{"self":[{"href":"https:\/\/hookahshop.lt\/en\/wp-json\/wp\/v2\/product\/30177"}],"collection":[{"href":"https:\/\/hookahshop.lt\/en\/wp-json\/wp\/v2\/product"}],"about":[{"href":"https:\/\/hookahshop.lt\/en\/wp-json\/wp\/v2\/types\/product"}],"replies":[{"embeddable":true,"href":"https:\/\/hookahshop.lt\/en\/wp-json\/wp\/v2\/comments?post=30177"}],"version-history":[{"count":7,"href":"https:\/\/hookahshop.lt\/en\/wp-json\/wp\/v2\/product\/30177\/revisions"}],"predecessor-version":[{"id":45037,"href":"https:\/\/hookahshop.lt\/en\/wp-json\/wp\/v2\/product\/30177\/revisions\/45037"}],"wp:featuredmedia":[{"embeddable":true,"href":"https:\/\/hookahshop.lt\/en\/wp-json\/wp\/v2\/media\/30180"}],"wp:attachment":[{"href":"https:\/\/hookahshop.lt\/en\/wp-json\/wp\/v2\/media?parent=30177"}],"curies":[{"name":"wp","href":"https:\/\/api.w.org\/{rel}","templated":true}]}}