{"id":30272,"date":"2021-12-20T18:20:16","date_gmt":"2021-12-20T16:20:16","guid":{"rendered":"https:\/\/hookahshop.lt\/?post_type=product&#038;p=30272"},"modified":"2026-04-06T23:29:19","modified_gmt":"2026-04-06T20:29:19","slug":"kolba-kaljanui-drop-v2","status":"publish","type":"product","link":"https:\/\/hookahshop.lt\/en\/product\/kolba-kaljanui-drop-v2\/","title":{"rendered":"Flask for hookah DROP V2"},"content":{"rendered":"<h2>Flask for hookah DROP V2<\/h2>\n<p>It is a drop-shaped clear flask with a standard intermediate-shaped connector.<\/p>\n<p><strong><span title=\"\">Specifications:<\/span><\/strong><br \/>\nCountry of origin: Russia<br \/>\nWeight: 1.5 kg<br \/>\nHeight: 29 cm<br \/>\nWidth: 27 cm<br \/>\nDepth: 2 cm<\/p>\n<p>Do you have any questions? contact us\u00a0<a href=\"https:\/\/hookahshop.lt\/en\/contacts\/\">contacts page<\/a>\u00a0or email us at\u00a0<a href=\"https:\/\/facebook.com\/HookahShop.lt\/\" target=\"_blank\" rel=\"noopener noreferrer\">Facebook<\/a>\u00a0and we will respond to your request the same day.<\/p>","protected":false},"excerpt":{"rendered":"<p>Kolba kaljanui DROP V2 Tai la\u0161o formos skaidri kolba, turinti standartine tarpin\u0117s formos jungt\u012f. Specifikacijos: Kilm\u0117s \u0161alis: Rusija Svoris: 1,5 kg Auk\u0161tis: 29 cm Plotis: 27 cm Gylis: 2 cm Turite klausim\u0173? Susisiekite su mumis\u00a0kontakt\u0173 puslapyje\u00a0arba para\u0161ykite mums \u012f\u00a0Facebook paskyr\u0105\u00a0ir atsakysime \u012f j\u016bs\u0173 u\u017eklaus\u0105 dar t\u0105 pa\u010di\u0105 dien\u0105.<\/p>","protected":false},"featured_media":30273,"comment_status":"open","ping_status":"closed","template":"","meta":[],"_links":{"self":[{"href":"https:\/\/hookahshop.lt\/en\/wp-json\/wp\/v2\/product\/30272"}],"collection":[{"href":"https:\/\/hookahshop.lt\/en\/wp-json\/wp\/v2\/product"}],"about":[{"href":"https:\/\/hookahshop.lt\/en\/wp-json\/wp\/v2\/types\/product"}],"replies":[{"embeddable":true,"href":"https:\/\/hookahshop.lt\/en\/wp-json\/wp\/v2\/comments?post=30272"}],"version-history":[{"count":4,"href":"https:\/\/hookahshop.lt\/en\/wp-json\/wp\/v2\/product\/30272\/revisions"}],"predecessor-version":[{"id":45125,"href":"https:\/\/hookahshop.lt\/en\/wp-json\/wp\/v2\/product\/30272\/revisions\/45125"}],"wp:featuredmedia":[{"embeddable":true,"href":"https:\/\/hookahshop.lt\/en\/wp-json\/wp\/v2\/media\/30273"}],"wp:attachment":[{"href":"https:\/\/hookahshop.lt\/en\/wp-json\/wp\/v2\/media?parent=30272"}],"curies":[{"name":"wp","href":"https:\/\/api.w.org\/{rel}","templated":true}]}}