{"id":31582,"date":"2022-03-05T18:33:47","date_gmt":"2022-03-05T16:33:47","guid":{"rendered":"https:\/\/hookahshop.lt\/?post_type=product&#038;p=31582"},"modified":"2026-04-17T23:29:45","modified_gmt":"2026-04-17T20:29:45","slug":"kolba-kaljanui-cosmo-smoke","status":"publish","type":"product","link":"https:\/\/hookahshop.lt\/en\/product\/flask-kaljanui-cosmo-smoke\/","title":{"rendered":"Flask for hookah COSMO Smoke"},"content":{"rendered":"<h2>Flask for hookah COSMO Smoke<\/h2>\n<p>Black, clear flask with a standard intermediate-fitting connection.<\/p>\n<p><strong><span title=\"\">Specifications:<\/span><\/strong><br \/>\nHeight: 27 cm<br \/>\nDepth: 18 cm<br \/>\nWeight: ~1.44 kg<\/p>\n<p>Do you have any questions? contact us\u00a0<a href=\"https:\/\/hookahshop.lt\/en\/contacts\/\">contacts page<\/a>\u00a0or email us at\u00a0<a href=\"https:\/\/facebook.com\/HookahShop.lt\/\" target=\"_blank\" rel=\"noopener noreferrer\">Facebook<\/a>\u00a0and we will respond to your request the same day.<\/p>\n<p>&nbsp;<\/p>","protected":false},"excerpt":{"rendered":"<p>Kolba kaljanui COSMO Smoke Juodai skaidri kolba turinti standartin\u0119 tarpin\u0117s formos jungt\u012f. Specifikacijos: Auk\u0161tis: 27 cm Gylis: 18 cm Svoris: ~1,44 kg Turite klausim\u0173? Susisiekite su mumis\u00a0kontakt\u0173 puslapyje\u00a0arba para\u0161ykite mums \u012f\u00a0Facebook paskyr\u0105\u00a0ir atsakysime \u012f j\u016bs\u0173 u\u017eklaus\u0105 dar t\u0105 pa\u010di\u0105 dien\u0105. &nbsp;<\/p>","protected":false},"featured_media":31583,"comment_status":"open","ping_status":"closed","template":"","meta":[],"_links":{"self":[{"href":"https:\/\/hookahshop.lt\/en\/wp-json\/wp\/v2\/product\/31582"}],"collection":[{"href":"https:\/\/hookahshop.lt\/en\/wp-json\/wp\/v2\/product"}],"about":[{"href":"https:\/\/hookahshop.lt\/en\/wp-json\/wp\/v2\/types\/product"}],"replies":[{"embeddable":true,"href":"https:\/\/hookahshop.lt\/en\/wp-json\/wp\/v2\/comments?post=31582"}],"version-history":[{"count":5,"href":"https:\/\/hookahshop.lt\/en\/wp-json\/wp\/v2\/product\/31582\/revisions"}],"predecessor-version":[{"id":45105,"href":"https:\/\/hookahshop.lt\/en\/wp-json\/wp\/v2\/product\/31582\/revisions\/45105"}],"wp:featuredmedia":[{"embeddable":true,"href":"https:\/\/hookahshop.lt\/en\/wp-json\/wp\/v2\/media\/31583"}],"wp:attachment":[{"href":"https:\/\/hookahshop.lt\/en\/wp-json\/wp\/v2\/media?parent=31582"}],"curies":[{"name":"wp","href":"https:\/\/api.w.org\/{rel}","templated":true}]}}