{"id":33999,"date":"2022-10-28T18:16:36","date_gmt":"2022-10-28T15:16:36","guid":{"rendered":"https:\/\/hookahshop.lt\/?post_type=product&#038;p=33999"},"modified":"2026-04-14T23:29:33","modified_gmt":"2026-04-14T20:29:33","slug":"stikline-vandens-pypke-40cm","status":"publish","type":"product","link":"https:\/\/hookahshop.lt\/en\/product\/glass-water-pipe-40cm\/","title":{"rendered":"Glass water pipe 40cm"},"content":{"rendered":"<h2>Glass water pipe 40cm<\/h2>\n<p>The famous BREIT glass bong without logo, as usual, great value for money. With chillum, kickhole. Excellent quality: heavy, with a stable base.<\/p>\n<p><strong>Specifications:<\/strong><\/p>\n<p>Diameter: 55 mm<br \/>\nLength: 40 cm<br \/>\nColor: Transparent<br \/>\nTube Type: 18.8mm<br \/>\nMaterial: Borosilicate glass<\/p>\n<p>Do you have any questions? contact us\u00a0<a href=\"https:\/\/hookahshop.lt\/en\/contacts\/\">contacts page<\/a>\u00a0or email us at\u00a0<a href=\"https:\/\/facebook.com\/HookahShop.lt\/\" target=\"_blank\" rel=\"noopener noreferrer\">Facebook<\/a>\u00a0and we will respond to your request the same day.<\/p>","protected":false},"excerpt":{"rendered":"<p>Stiklin\u0117 vandens pypk\u0117 40cm Garsusis BREIT stiklinis bongas be logotipo, kaip \u012fprasta, puikus kainos ir kokyb\u0117s santykis. Su chillum, kickhole. Puiki kokyb\u0117: sunkus, su stabiliu pagrindu. Specifikacijos: Skersmuo: 55 mm Ilgis: 40 cm Spalva: Skaidrus Vamzdelio tipas: 18,8 mm Med\u017eiaga: Borosilikatinis stiklas Turite klausim\u0173? Susisiekite su mumis\u00a0kontakt\u0173 puslapyje\u00a0arba para\u0161ykite mums \u012f\u00a0Facebook paskyr\u0105\u00a0ir atsakysime \u012f j\u016bs\u0173 [&hellip;]<\/p>","protected":false},"featured_media":44682,"comment_status":"open","ping_status":"closed","template":"","meta":[],"_links":{"self":[{"href":"https:\/\/hookahshop.lt\/en\/wp-json\/wp\/v2\/product\/33999"}],"collection":[{"href":"https:\/\/hookahshop.lt\/en\/wp-json\/wp\/v2\/product"}],"about":[{"href":"https:\/\/hookahshop.lt\/en\/wp-json\/wp\/v2\/types\/product"}],"replies":[{"embeddable":true,"href":"https:\/\/hookahshop.lt\/en\/wp-json\/wp\/v2\/comments?post=33999"}],"version-history":[{"count":5,"href":"https:\/\/hookahshop.lt\/en\/wp-json\/wp\/v2\/product\/33999\/revisions"}],"predecessor-version":[{"id":44942,"href":"https:\/\/hookahshop.lt\/en\/wp-json\/wp\/v2\/product\/33999\/revisions\/44942"}],"wp:featuredmedia":[{"embeddable":true,"href":"https:\/\/hookahshop.lt\/en\/wp-json\/wp\/v2\/media\/44682"}],"wp:attachment":[{"href":"https:\/\/hookahshop.lt\/en\/wp-json\/wp\/v2\/media?parent=33999"}],"curies":[{"name":"wp","href":"https:\/\/api.w.org\/{rel}","templated":true}]}}