{"id":34003,"date":"2022-10-28T18:42:18","date_gmt":"2022-10-28T15:42:18","guid":{"rendered":"https:\/\/hookahshop.lt\/?post_type=product&#038;p=34003"},"modified":"2026-04-14T23:29:33","modified_gmt":"2026-04-14T20:29:33","slug":"stikline-vandens-pypke-icebong-black-21cm","status":"publish","type":"product","link":"https:\/\/hookahshop.lt\/en\/product\/glass-water-pipe-black-21cm\/","title":{"rendered":"Glass water pipe Icebong Black 21cm"},"content":{"rendered":"<h2>Glass water pipe Icebong Black 21cm<\/h2>\n<p>For a party or warm days outside: Icebong mini is small, convenient and you can carry it in every handbag! With a kickhole and three ice notches, this bubbler is also very functional. Great bong for travel.<\/p>\n<p><strong>Specifications:<\/strong><\/p>\n<p>Diameter: 68\/28 mm<br \/>\nLength: 210 mm<br \/>\nColor: Clear\/ Black etc.<br \/>\nTube type: 14.5 mm<br \/>\nMaterial: Borosilicate glass<\/p>\n<p>Do you have any questions? contact us\u00a0<a href=\"https:\/\/hookahshop.lt\/en\/contacts\/\">contacts page<\/a>\u00a0or email us at\u00a0<a href=\"https:\/\/facebook.com\/HookahShop.lt\/\" target=\"_blank\" rel=\"noopener noreferrer\">Facebook<\/a>\u00a0and we will respond to your request the same day.<\/p>","protected":false},"excerpt":{"rendered":"<p>Stiklin\u0117 vandens pypk\u0117 Icebong Black 21cm Vakar\u0117liui ar \u0161iltoms dienoms lauke: \u201eIcebong mini\u201c yra ma\u017eas, patogus ir galite j\u012f ne\u0161tis \u012f kiekvien\u0105 rankin\u0119! Su kickhole ir trimis ledo \u012fpjovomis \u0161is burbuliatorius taip pat yra labai funkcionalus. Puikus bongas kelionei. Specifikacijos: Skersmuo: 68\/28 mm Ilgis: 210 mm Spalva: Skaidrus\/ Juodas ir kt. Vamzdelio tipas: 14,5 mm [&hellip;]<\/p>","protected":false},"featured_media":34004,"comment_status":"open","ping_status":"closed","template":"","meta":[],"_links":{"self":[{"href":"https:\/\/hookahshop.lt\/en\/wp-json\/wp\/v2\/product\/34003"}],"collection":[{"href":"https:\/\/hookahshop.lt\/en\/wp-json\/wp\/v2\/product"}],"about":[{"href":"https:\/\/hookahshop.lt\/en\/wp-json\/wp\/v2\/types\/product"}],"replies":[{"embeddable":true,"href":"https:\/\/hookahshop.lt\/en\/wp-json\/wp\/v2\/comments?post=34003"}],"version-history":[{"count":4,"href":"https:\/\/hookahshop.lt\/en\/wp-json\/wp\/v2\/product\/34003\/revisions"}],"predecessor-version":[{"id":45372,"href":"https:\/\/hookahshop.lt\/en\/wp-json\/wp\/v2\/product\/34003\/revisions\/45372"}],"wp:featuredmedia":[{"embeddable":true,"href":"https:\/\/hookahshop.lt\/en\/wp-json\/wp\/v2\/media\/34004"}],"wp:attachment":[{"href":"https:\/\/hookahshop.lt\/en\/wp-json\/wp\/v2\/media?parent=34003"}],"curies":[{"name":"wp","href":"https:\/\/api.w.org\/{rel}","templated":true}]}}