{"id":34020,"date":"2022-10-28T19:28:57","date_gmt":"2022-10-28T16:28:57","guid":{"rendered":"https:\/\/hookahshop.lt\/?post_type=product&#038;p=34020"},"modified":"2026-04-17T23:29:50","modified_gmt":"2026-04-17T20:29:50","slug":"vandens-pypke-black-leaf-leaf-cylinder","status":"publish","type":"product","link":"https:\/\/hookahshop.lt\/en\/product\/water-pipe-black-leaf-leaf-cylinder\/","title":{"rendered":"Glass water pipe BLACK LEAF Leaf Cylinder 30cm"},"content":{"rendered":"<h2>Glass water pipe BLACK LEAF Leaf Cylinder 30cm<\/h2>\n<p>The classic small-sized Black Leaf bong is sturdy and has a kickhole plug, making cleaning this convenient water pipe very easy. The water pipe has a large capacity.<\/p>\n<p><strong>Specifications:<\/strong><\/p>\n<p>Diameter: 50 mm<br \/>\nLength: 300 mm<br \/>\nColor: Transparent<br \/>\nTube Type: 18.8mm<br \/>\nMaterial: Borosilicate glass<\/p>\n<p>Do you have any questions? contact us\u00a0<a href=\"https:\/\/hookahshop.lt\/en\/contacts\/\">contacts page<\/a>\u00a0or email us at\u00a0<a href=\"https:\/\/facebook.com\/HookahShop.lt\/\" target=\"_blank\" rel=\"noopener noreferrer\">Facebook<\/a>\u00a0and we will respond to your request the same day.<\/p>","protected":false},"excerpt":{"rendered":"<p>Stiklin\u0117 vandens pypk\u0117 BLACK LEAF Leaf Cylinder 30cm Klasikinis ma\u017eo dyd\u017eio &#8222;Black Leaf&#8221; bongas yra tvirtas ir turi ki\u0161tuk\u0105 kickhole &#8211; tai labai palengvina \u0161io patogaus vandens pypk\u0117s valym\u0105. Vandens pypk\u0117 turi didel\u0119 talp\u0105. Specifikacijos: Skersmuo: 50 mm Ilgis: 300 mm Spalva: Skaidrus Vamzdelio tipas: 18,8 mm Med\u017eiaga: Borosilikatinis stiklas Turite klausim\u0173? Susisiekite su mumis\u00a0kontakt\u0173 [&hellip;]<\/p>","protected":false},"featured_media":34021,"comment_status":"open","ping_status":"closed","template":"","meta":[],"_links":{"self":[{"href":"https:\/\/hookahshop.lt\/en\/wp-json\/wp\/v2\/product\/34020"}],"collection":[{"href":"https:\/\/hookahshop.lt\/en\/wp-json\/wp\/v2\/product"}],"about":[{"href":"https:\/\/hookahshop.lt\/en\/wp-json\/wp\/v2\/types\/product"}],"replies":[{"embeddable":true,"href":"https:\/\/hookahshop.lt\/en\/wp-json\/wp\/v2\/comments?post=34020"}],"version-history":[{"count":4,"href":"https:\/\/hookahshop.lt\/en\/wp-json\/wp\/v2\/product\/34020\/revisions"}],"predecessor-version":[{"id":37064,"href":"https:\/\/hookahshop.lt\/en\/wp-json\/wp\/v2\/product\/34020\/revisions\/37064"}],"wp:featuredmedia":[{"embeddable":true,"href":"https:\/\/hookahshop.lt\/en\/wp-json\/wp\/v2\/media\/34021"}],"wp:attachment":[{"href":"https:\/\/hookahshop.lt\/en\/wp-json\/wp\/v2\/media?parent=34020"}],"curies":[{"name":"wp","href":"https:\/\/api.w.org\/{rel}","templated":true}]}}