{"id":34376,"date":"2022-11-10T15:16:34","date_gmt":"2022-11-10T13:16:34","guid":{"rendered":"https:\/\/hookahshop.lt\/?post_type=product&#038;p=34376"},"modified":"2026-04-17T23:29:51","modified_gmt":"2026-04-17T20:29:51","slug":"kolba-kaljanui-su-sriegiu-aladin-mvp-a36","status":"publish","type":"product","link":"https:\/\/hookahshop.lt\/en\/product\/flask-for-hookah-with-thread-aladin-mvp-a36\/","title":{"rendered":"Hookah flask with thread ALADIN MVP A36 Clear"},"content":{"rendered":"<h2>Hookah flask with thread ALADIN MVP A36 Clear<\/h2>\n<p>Threaded flask is only for ALADIN MVP A36 hookah.<\/p>\n<p><strong><span title=\"\">Specifications:<\/span><\/strong><br \/>\nColor \u2013 transparent<br \/>\nHeight: 18cm<br \/>\nMaterial: stainless steel.<\/p>\n<p>Do you have any questions? contact us\u00a0<a href=\"https:\/\/hookahshop.lt\/en\/contacts\/\">contacts page<\/a>\u00a0or email us at\u00a0<a href=\"https:\/\/facebook.com\/HookahShop.lt\/\" target=\"_blank\" rel=\"noopener\">Facebook<\/a>\u00a0and we will respond to your request the same day.<\/p>","protected":false},"excerpt":{"rendered":"<p>Kolba kaljanui su sriegiu ALADIN MVP A36 Clear Kolba su sriegiu skirta tik ALADIN MVP A36 kaljanui. Specifikacijos: Spalva \u2013 skaidri Auk\u0161tis: 18cm Med\u017eiaga: ner\u016bdijantis plienas. Turite klausim\u0173? Susisiekite su mumis\u00a0kontakt\u0173 puslapyje\u00a0arba para\u0161ykite mums \u012f\u00a0Facebook paskyr\u0105\u00a0ir atsakysime \u012f j\u016bs\u0173 u\u017eklaus\u0105 dar t\u0105 pa\u010di\u0105 dien\u0105.<\/p>","protected":false},"featured_media":34377,"comment_status":"open","ping_status":"closed","template":"","meta":[],"_links":{"self":[{"href":"https:\/\/hookahshop.lt\/en\/wp-json\/wp\/v2\/product\/34376"}],"collection":[{"href":"https:\/\/hookahshop.lt\/en\/wp-json\/wp\/v2\/product"}],"about":[{"href":"https:\/\/hookahshop.lt\/en\/wp-json\/wp\/v2\/types\/product"}],"replies":[{"embeddable":true,"href":"https:\/\/hookahshop.lt\/en\/wp-json\/wp\/v2\/comments?post=34376"}],"version-history":[{"count":5,"href":"https:\/\/hookahshop.lt\/en\/wp-json\/wp\/v2\/product\/34376\/revisions"}],"predecessor-version":[{"id":45611,"href":"https:\/\/hookahshop.lt\/en\/wp-json\/wp\/v2\/product\/34376\/revisions\/45611"}],"wp:featuredmedia":[{"embeddable":true,"href":"https:\/\/hookahshop.lt\/en\/wp-json\/wp\/v2\/media\/34377"}],"wp:attachment":[{"href":"https:\/\/hookahshop.lt\/en\/wp-json\/wp\/v2\/media?parent=34376"}],"curies":[{"name":"wp","href":"https:\/\/api.w.org\/{rel}","templated":true}]}}