{"id":36613,"date":"2023-07-12T01:13:49","date_gmt":"2023-07-11T22:13:49","guid":{"rendered":"https:\/\/hookahshop.lt\/?post_type=product&#038;p=36613"},"modified":"2026-04-17T16:33:41","modified_gmt":"2026-04-17T13:33:41","slug":"kaljanas-ykap-killer-classic-black","status":"publish","type":"product","link":"https:\/\/hookahshop.lt\/en\/product\/hookah-ykap-killer-classic-black\/","title":{"rendered":"Hookah YKAP Killer Classic Black"},"content":{"rendered":"<h2>Hookah YKAP Killer Classic Black<\/h2>\n<p>The new hookah &quot;YKAP Classic Black&quot; from the well-known manufacturer - YKAP. This is a medium-sized and high-quality hookah, which will guarantee a pleasant session. The hookah is made using the highest quality materials, which will ensure the hookah&#039;s long service life. Light-duty hookah.<\/p>\n<p><strong>Equipment:<\/strong><sub><br \/>\n<\/sub>Hookah (shaft),<br \/>\nMouthpiece<sub><br \/>\n<\/sub>Silicone hose (O-ring)<br \/>\nDiffuser: yes<\/p>\n<p><img decoding=\"async\" loading=\"lazy\" class=\"alignnone size-medium wp-image-38521\" src=\"https:\/\/hookahshop.lt\/wp-content\/uploads\/2020\/09\/stiebas-zarna-kandiklis-1-300x273.jpg\" alt=\"- hookahshop.lt\" width=\"300\" height=\"273\" srcset=\"https:\/\/hookahshop.lt\/wp-content\/uploads\/2020\/09\/stiebas-zarna-kandiklis-1-300x273.jpg 300w, https:\/\/hookahshop.lt\/wp-content\/uploads\/2020\/09\/stiebas-zarna-kandiklis-1-13x12.jpg 13w, https:\/\/hookahshop.lt\/wp-content\/uploads\/2020\/09\/stiebas-zarna-kandiklis-1-64x58.jpg 64w, https:\/\/hookahshop.lt\/wp-content\/uploads\/2020\/09\/stiebas-zarna-kandiklis-1.jpg 420w\" sizes=\"(max-width: 300px) 100vw, 300px\" title=\"\"><\/p>\n<p><strong>Specification:<\/strong><sub><br \/>\n<\/sub>Height: 54cm<sub><br \/>\n<\/sub>Material: stainless steel, wood detail<\/p>\n<p>Do you have any questions? contact us\u00a0<a href=\"https:\/\/hookahshop.lt\/en\/contacts\/\">contacts page<\/a>\u00a0or email us at\u00a0<a href=\"https:\/\/facebook.com\/HookahShop.lt\/\" target=\"_blank\" rel=\"noopener\">Facebook<\/a>\u00a0and we will respond to your request the same day.<\/p>","protected":false},"excerpt":{"rendered":"<p>Kaljanas YKAP Killer Classic Black \u017dinomo gamintojo \u2013 YKAP naujasis kaljanas \u201eYKAP Classic Black\u201c. Tai vidutinio dyd\u017eio ir auk\u0161tos kokyb\u0117s kaljanas, kuris garantuos malon\u0173 seans\u0105. Kaljanas pagamintas naudojant auk\u0161\u010diausios kokyb\u0117s med\u017eiagas, tai u\u017etikrins kaljano ilg\u0105 tarnavimo laik\u0105. Lengvos traukos kaljanas. Komplektacija: Kaljanas (\u0161achta), Kandiklis Silikonin\u0117 \u017earna (O-ring) Difuzorius: yra Specifikacija: Auk\u0161tis: 54cm Med\u017eiaga: ner\u016bdijantis plienas, [&hellip;]<\/p>","protected":false},"featured_media":36614,"comment_status":"open","ping_status":"closed","template":"","meta":[],"_links":{"self":[{"href":"https:\/\/hookahshop.lt\/en\/wp-json\/wp\/v2\/product\/36613"}],"collection":[{"href":"https:\/\/hookahshop.lt\/en\/wp-json\/wp\/v2\/product"}],"about":[{"href":"https:\/\/hookahshop.lt\/en\/wp-json\/wp\/v2\/types\/product"}],"replies":[{"embeddable":true,"href":"https:\/\/hookahshop.lt\/en\/wp-json\/wp\/v2\/comments?post=36613"}],"version-history":[{"count":7,"href":"https:\/\/hookahshop.lt\/en\/wp-json\/wp\/v2\/product\/36613\/revisions"}],"predecessor-version":[{"id":44254,"href":"https:\/\/hookahshop.lt\/en\/wp-json\/wp\/v2\/product\/36613\/revisions\/44254"}],"wp:featuredmedia":[{"embeddable":true,"href":"https:\/\/hookahshop.lt\/en\/wp-json\/wp\/v2\/media\/36614"}],"wp:attachment":[{"href":"https:\/\/hookahshop.lt\/en\/wp-json\/wp\/v2\/media?parent=36613"}],"curies":[{"name":"wp","href":"https:\/\/api.w.org\/{rel}","templated":true}]}}