{"id":36626,"date":"2023-07-12T10:14:59","date_gmt":"2023-07-12T07:14:59","guid":{"rendered":"https:\/\/hookahshop.lt\/?post_type=product&#038;p=36626"},"modified":"2026-04-17T23:29:54","modified_gmt":"2026-04-17T20:29:54","slug":"kolba-kaljanui-vg-craft-transparent","status":"publish","type":"product","link":"https:\/\/hookahshop.lt\/en\/product\/flask-for-hookah-vg-craft-transparent\/","title":{"rendered":"Hookah flask VG Craft Transparent"},"content":{"rendered":"<h2>Hookah flask VG Craft Transparent<\/h2>\n<p>It is a universal clear glass.<\/p>\n<p><strong>Specification:<\/strong><br \/>\nHeight: 265 mm<br \/>\nWeight: ~ 1620 g<br \/>\nOuter neck diameter: 74 mm<br \/>\nInner neck diameter: 47 mm<br \/>\nProduct material: clear glass with green tint<\/p>\n<p>Do you have any questions? contact us\u00a0<a href=\"https:\/\/hookahshop.lt\/en\/contacts\/\">contacts page<\/a>\u00a0or email us at\u00a0<a href=\"https:\/\/facebook.com\/HookahShop.lt\/\" target=\"_blank\" rel=\"noopener noreferrer\">Facebook<\/a>\u00a0and we will respond to your request the same day.<\/p>","protected":false},"excerpt":{"rendered":"<p>Kolba kaljanui VG Craft Transparent Tai universali skaidri stiklin\u0117. Specifikacija: Auk\u0161tis: 265 mm Svoris: ~ 1620 g I\u0161orinis kaklelio skersmuo: 74 mm Vidinis kaklelio skersmuo: 47 mm Produkto med\u017eiaga: skaidrus stiklas su \u017ealiu atspalviu Turite klausim\u0173? Susisiekite su mumis\u00a0kontakt\u0173 puslapyje\u00a0arba para\u0161ykite mums \u012f\u00a0Facebook paskyr\u0105\u00a0ir atsakysime \u012f j\u016bs\u0173 u\u017eklaus\u0105 dar t\u0105 pa\u010di\u0105 dien\u0105.<\/p>","protected":false},"featured_media":36627,"comment_status":"open","ping_status":"closed","template":"","meta":[],"_links":{"self":[{"href":"https:\/\/hookahshop.lt\/en\/wp-json\/wp\/v2\/product\/36626"}],"collection":[{"href":"https:\/\/hookahshop.lt\/en\/wp-json\/wp\/v2\/product"}],"about":[{"href":"https:\/\/hookahshop.lt\/en\/wp-json\/wp\/v2\/types\/product"}],"replies":[{"embeddable":true,"href":"https:\/\/hookahshop.lt\/en\/wp-json\/wp\/v2\/comments?post=36626"}],"version-history":[{"count":6,"href":"https:\/\/hookahshop.lt\/en\/wp-json\/wp\/v2\/product\/36626\/revisions"}],"predecessor-version":[{"id":41418,"href":"https:\/\/hookahshop.lt\/en\/wp-json\/wp\/v2\/product\/36626\/revisions\/41418"}],"wp:featuredmedia":[{"embeddable":true,"href":"https:\/\/hookahshop.lt\/en\/wp-json\/wp\/v2\/media\/36627"}],"wp:attachment":[{"href":"https:\/\/hookahshop.lt\/en\/wp-json\/wp\/v2\/media?parent=36626"}],"curies":[{"name":"wp","href":"https:\/\/api.w.org\/{rel}","templated":true}]}}