{"id":37296,"date":"2023-09-30T16:49:36","date_gmt":"2023-09-30T13:49:36","guid":{"rendered":"https:\/\/hookahshop.lt\/?post_type=product&#038;p=37296"},"modified":"2026-04-14T23:29:39","modified_gmt":"2026-04-14T20:29:39","slug":"stikline-vandens-pypke-breit-leaves-ice-21cm","status":"publish","type":"product","link":"https:\/\/hookahshop.lt\/en\/product\/glass-water-pipe-wide-leaves-ice-21cm\/","title":{"rendered":"Glass water pipe BREIT Leaves Ice 21cm"},"content":{"rendered":"<h2>Glass water pipe BREIT Leaves Ice 21cm<\/h2>\n<p>Convenient and compact glass pipe with ice slots. Larger capacity.<\/p>\n<p><strong>Specifications:<\/strong><br \/>\nDiameter: 93\/40 mm<br \/>\nLength: 210 mm<br \/>\nColor black<br \/>\nTube Type: 14.4mm<br \/>\nMaterial: Borosilicate glass<\/p>\n<p>Do you have any questions? contact us\u00a0<a href=\"https:\/\/hookahshop.lt\/en\/contacts\/\">contacts page<\/a>\u00a0or email us at\u00a0<a href=\"https:\/\/facebook.com\/HookahShop.lt\/\" target=\"_blank\" rel=\"noopener noreferrer\">Facebook<\/a>\u00a0and we will respond to your request the same day.<\/p>","protected":false},"excerpt":{"rendered":"<p>Stiklin\u0117 vandens pypk\u0117 BREIT Leaves Ice 21cm Patogi ir kompakti\u0161ka stiklo pypk\u0117 su ledo \u012fpjovomis. Didesn\u0117s talpos. Specifikacijos: Skersmuo: 93\/40 mm Ilgis: 210 mm Spalva: Juoda Vamzdelio tipas: 14,4 mm Med\u017eiaga: Borosilikatinis stiklas Turite klausim\u0173? Susisiekite su mumis\u00a0kontakt\u0173 puslapyje\u00a0arba para\u0161ykite mums \u012f\u00a0Facebook paskyr\u0105\u00a0ir atsakysime \u012f j\u016bs\u0173 u\u017eklaus\u0105 dar t\u0105 pa\u010di\u0105 dien\u0105.<\/p>","protected":false},"featured_media":37297,"comment_status":"open","ping_status":"closed","template":"","meta":[],"_links":{"self":[{"href":"https:\/\/hookahshop.lt\/en\/wp-json\/wp\/v2\/product\/37296"}],"collection":[{"href":"https:\/\/hookahshop.lt\/en\/wp-json\/wp\/v2\/product"}],"about":[{"href":"https:\/\/hookahshop.lt\/en\/wp-json\/wp\/v2\/types\/product"}],"replies":[{"embeddable":true,"href":"https:\/\/hookahshop.lt\/en\/wp-json\/wp\/v2\/comments?post=37296"}],"version-history":[{"count":5,"href":"https:\/\/hookahshop.lt\/en\/wp-json\/wp\/v2\/product\/37296\/revisions"}],"predecessor-version":[{"id":43135,"href":"https:\/\/hookahshop.lt\/en\/wp-json\/wp\/v2\/product\/37296\/revisions\/43135"}],"wp:featuredmedia":[{"embeddable":true,"href":"https:\/\/hookahshop.lt\/en\/wp-json\/wp\/v2\/media\/37297"}],"wp:attachment":[{"href":"https:\/\/hookahshop.lt\/en\/wp-json\/wp\/v2\/media?parent=37296"}],"curies":[{"name":"wp","href":"https:\/\/api.w.org\/{rel}","templated":true}]}}