{"id":41119,"date":"2025-02-11T16:33:19","date_gmt":"2025-02-11T14:33:19","guid":{"rendered":"https:\/\/hookahshop.lt\/?post_type=product&#038;p=41119"},"modified":"2026-04-06T23:29:39","modified_gmt":"2026-04-06T20:29:39","slug":"stikline-vandens-pypke-ice-hemp-leaves-41cm","status":"publish","type":"product","link":"https:\/\/hookahshop.lt\/en\/product\/glass-water-pipe-ice-hemp-leaves-41cm\/","title":{"rendered":"Glass water pipe Ice Hemp Leaves 41cm"},"content":{"rendered":"<h2>Glass water pipe Ice Hemp Leaves 41cm<\/h2>\n<p>Convenient glass pipe made of borosilicate glass. Tall, with a larger volume. Stable stand.<\/p>\n<p><strong>Specifications:<\/strong><sub><br \/>\n<\/sub>Height: 40cm<br \/>\nStem diameter: 4cm<sub><br \/>\n<\/sub>Tube length: 18.8\/14.5cm<br \/>\nColor: Transparent<sub><br \/>\n<\/sub>Material: Borosilicate glass<\/p>\n<p>Do you have any questions? contact us\u00a0<a href=\"https:\/\/hookahshop.lt\/en\/contacts\/\">contacts page<\/a>\u00a0or email us at\u00a0<a href=\"https:\/\/facebook.com\/HookahShop.lt\/\" target=\"_blank\" rel=\"noopener\">Facebook<\/a>\u00a0and we will respond to your request the same day.<\/p>","protected":false},"excerpt":{"rendered":"<p>Stiklin\u0117 vandens pypk\u0117 Ice Hemp Leaves 41cm Patogi stiklo pypk\u0117, pagaminta i\u0161 borosilikatinio stiklo. Auk\u0161ta, didesnio t\u016brio. Stabilus stovas. Specifikacijos: Auk\u0161tis: 40cm Stiebo skersmuo: 4cm Vamzdelio ilgis: 18,8\/14,5cm Spalva: Skaidri Med\u017eiaga: Borosilikatinis stiklas Turite klausim\u0173? Susisiekite su mumis\u00a0kontakt\u0173 puslapyje\u00a0arba para\u0161ykite mums \u012f\u00a0Facebook paskyr\u0105\u00a0ir atsakysime \u012f j\u016bs\u0173 u\u017eklaus\u0105 dar t\u0105 pa\u010di\u0105 dien\u0105.<\/p>","protected":false},"featured_media":41231,"comment_status":"open","ping_status":"closed","template":"","meta":[],"_links":{"self":[{"href":"https:\/\/hookahshop.lt\/en\/wp-json\/wp\/v2\/product\/41119"}],"collection":[{"href":"https:\/\/hookahshop.lt\/en\/wp-json\/wp\/v2\/product"}],"about":[{"href":"https:\/\/hookahshop.lt\/en\/wp-json\/wp\/v2\/types\/product"}],"replies":[{"embeddable":true,"href":"https:\/\/hookahshop.lt\/en\/wp-json\/wp\/v2\/comments?post=41119"}],"version-history":[{"count":6,"href":"https:\/\/hookahshop.lt\/en\/wp-json\/wp\/v2\/product\/41119\/revisions"}],"predecessor-version":[{"id":44658,"href":"https:\/\/hookahshop.lt\/en\/wp-json\/wp\/v2\/product\/41119\/revisions\/44658"}],"wp:featuredmedia":[{"embeddable":true,"href":"https:\/\/hookahshop.lt\/en\/wp-json\/wp\/v2\/media\/41231"}],"wp:attachment":[{"href":"https:\/\/hookahshop.lt\/en\/wp-json\/wp\/v2\/media?parent=41119"}],"curies":[{"name":"wp","href":"https:\/\/api.w.org\/{rel}","templated":true}]}}