{"id":41151,"date":"2025-02-11T17:12:11","date_gmt":"2025-02-11T15:12:11","guid":{"rendered":"https:\/\/hookahshop.lt\/?post_type=product&#038;p=41151"},"modified":"2026-04-15T23:29:38","modified_gmt":"2026-04-15T20:29:38","slug":"stikline-vandens-pypke-black-leaf-black-38cm","status":"publish","type":"product","link":"https:\/\/hookahshop.lt\/en\/product\/glass-water-pipe-black-leaf-black-38cm\/","title":{"rendered":"Glass water pipe BLACK LEAF Black 38cm"},"content":{"rendered":"<h2>Glass water pipe BLACK LEAF Black 38cm<\/h2>\n<p>This sturdy water pipe features a reinforced Down-Pipe holder, diffuser, and a 24-lever percolator as the smoke rises. This ensures optimal cooling and filtration.<\/p>\n<p><strong>Specifications:<\/strong><sub><br \/>\n<\/sub>Height: 38cm<br \/>\nStem diameter: 8.5\/5cm<sub><br \/>\n<\/sub>Color black<sub><br \/>\n<\/sub>Tube length: 18.8cm<sub><br \/>\n<\/sub>Material: Borosilicate glass<\/p>\n<p>Do you have any questions? contact us\u00a0<a href=\"https:\/\/hookahshop.lt\/en\/contacts\/\">contacts page<\/a>\u00a0or email us at\u00a0<a href=\"https:\/\/facebook.com\/HookahShop.lt\/\" target=\"_blank\" rel=\"noopener\">Facebook<\/a>\u00a0and we will respond to your request the same day.<\/p>","protected":false},"excerpt":{"rendered":"<p>Stiklin\u0117 vandens pypk\u0117 BLACK LEAF Black 38cm \u0160i tvirta vandens pypk\u0117 turi sustiprint\u0105 \u201eDown-Pipe\u201c laikikl\u012f, difuzori\u0173. D\u016bmams kylant auk\u0161tyn, jie prasiskverbia per 24 svir\u010di\u0173 perkoliatori\u0173. Tai u\u017etikrina optimal\u0173 au\u0161inim\u0105 ir filtravim\u0105. Specifikacijos: Auk\u0161tis: 38cm Stiebo skersmuo: 8,5\/5cm Spalva: Juoda Vamzdelio ilgis: 18,8cm Med\u017eiaga: Borosilikatinis stiklas Turite klausim\u0173? Susisiekite su mumis\u00a0kontakt\u0173 puslapyje\u00a0arba para\u0161ykite mums \u012f\u00a0Facebook paskyr\u0105\u00a0ir [&hellip;]<\/p>","protected":false},"featured_media":41253,"comment_status":"open","ping_status":"closed","template":"","meta":[],"_links":{"self":[{"href":"https:\/\/hookahshop.lt\/en\/wp-json\/wp\/v2\/product\/41151"}],"collection":[{"href":"https:\/\/hookahshop.lt\/en\/wp-json\/wp\/v2\/product"}],"about":[{"href":"https:\/\/hookahshop.lt\/en\/wp-json\/wp\/v2\/types\/product"}],"replies":[{"embeddable":true,"href":"https:\/\/hookahshop.lt\/en\/wp-json\/wp\/v2\/comments?post=41151"}],"version-history":[{"count":4,"href":"https:\/\/hookahshop.lt\/en\/wp-json\/wp\/v2\/product\/41151\/revisions"}],"predecessor-version":[{"id":44667,"href":"https:\/\/hookahshop.lt\/en\/wp-json\/wp\/v2\/product\/41151\/revisions\/44667"}],"wp:featuredmedia":[{"embeddable":true,"href":"https:\/\/hookahshop.lt\/en\/wp-json\/wp\/v2\/media\/41253"}],"wp:attachment":[{"href":"https:\/\/hookahshop.lt\/en\/wp-json\/wp\/v2\/media?parent=41151"}],"curies":[{"name":"wp","href":"https:\/\/api.w.org\/{rel}","templated":true}]}}