{"id":41518,"date":"2025-03-15T19:15:02","date_gmt":"2025-03-15T17:15:02","guid":{"rendered":"https:\/\/hookahshop.lt\/?post_type=product&#038;p=41518"},"modified":"2026-05-05T10:13:27","modified_gmt":"2026-05-05T07:13:27","slug":"karscio-kamera-darkside-d-heater","status":"publish","type":"product","link":"https:\/\/hookahshop.lt\/en\/product\/heat-camera-darkside-d-heater\/","title":{"rendered":"Heat chamber DARKSIDE D Heater"},"content":{"rendered":"<h2><strong>Heat chamber DARKSIDE D Heater<\/strong><\/h2>\n<p>Made of high-quality aluminum with a matte finish. The materials used make the heat chamber heat up easily, which is great for first-time users, but you can add more charcoal to increase the intensity of your session.<\/p>\n<p><strong>Specifications:<\/strong><sub><br \/>\n<\/sub>Height: 3 cm<br \/>\nDiameter (outside): 7.5 cm<br \/>\nDiameter (inner): 6 cm<br \/>\nWeight: 80 g<br \/>\nMaterial: aluminum<\/p>\n<p>Do you have any questions? contact us\u00a0<a href=\"https:\/\/hookahshop.lt\/en\/contacts\/\">contacts page<\/a>\u00a0or email us at\u00a0<a href=\"https:\/\/facebook.com\/HookahShop.lt\/\" target=\"_blank\" rel=\"noopener\">Facebook<\/a>\u00a0and we will respond to your request the same day.<\/p>","protected":false},"excerpt":{"rendered":"<p>Kar\u0161\u010dio kamera DARKSIDE D Heater Pagaminta i\u0161 auk\u0161tos kokyb\u0117s aliuminio su matine danga. D\u0117l naudojam\u0173 med\u017eiag\u0173 kar\u0161\u010dio kamera lengvai \u012fkaista, o tai puikiai tinka pirm\u0105 kart\u0105 besinaudojantiems, ta\u010diau galite prid\u0117ti daugiau anglies, kad padidintum\u0117te seanso intensyvum\u0105. Specifikacijos: Auk\u0161tis: 3 \u00a0cm Skersmuo (i\u0161or\u0117): 7,5 cm Skersmuo (vidus): 6 cm Svoris: 80 g Med\u017eiaga: aliuminis Turite klausim\u0173? [&hellip;]<\/p>","protected":false},"featured_media":41519,"comment_status":"open","ping_status":"closed","template":"","meta":[],"_links":{"self":[{"href":"https:\/\/hookahshop.lt\/en\/wp-json\/wp\/v2\/product\/41518"}],"collection":[{"href":"https:\/\/hookahshop.lt\/en\/wp-json\/wp\/v2\/product"}],"about":[{"href":"https:\/\/hookahshop.lt\/en\/wp-json\/wp\/v2\/types\/product"}],"replies":[{"embeddable":true,"href":"https:\/\/hookahshop.lt\/en\/wp-json\/wp\/v2\/comments?post=41518"}],"version-history":[{"count":6,"href":"https:\/\/hookahshop.lt\/en\/wp-json\/wp\/v2\/product\/41518\/revisions"}],"predecessor-version":[{"id":45579,"href":"https:\/\/hookahshop.lt\/en\/wp-json\/wp\/v2\/product\/41518\/revisions\/45579"}],"wp:featuredmedia":[{"embeddable":true,"href":"https:\/\/hookahshop.lt\/en\/wp-json\/wp\/v2\/media\/41519"}],"wp:attachment":[{"href":"https:\/\/hookahshop.lt\/en\/wp-json\/wp\/v2\/media?parent=41518"}],"curies":[{"name":"wp","href":"https:\/\/api.w.org\/{rel}","templated":true}]}}