{"id":42929,"date":"2025-11-18T13:50:11","date_gmt":"2025-11-18T11:50:11","guid":{"rendered":"https:\/\/hookahshop.lt\/?post_type=product&#038;p=42929"},"modified":"2026-05-13T13:52:54","modified_gmt":"2026-05-13T10:52:54","slug":"stikline-vandens-pypke-black-leaf-pastel","status":"publish","type":"product","link":"https:\/\/hookahshop.lt\/en\/product\/glass-water-pipe-black-leaf-pastel\/","title":{"rendered":"Glass water pipe BLACK LEAF Pastel Leaves 30cm"},"content":{"rendered":"<h2>Glass water pipe BLACK LEAF Pastel Leaves 30cm<\/h2>\n<p>Made of borosilicate glass. Tall, curved, with a larger volume. Has ice slots.<\/p>\n<p><strong>Specifications:<\/strong><br \/>\nDiameter: 110\/38 mm<br \/>\nLength: 300 mm<br \/>\nColor: Transparent<br \/>\nMaterial: Borosilicate glass<\/p>\n<p>Do you have any questions? contact us\u00a0<a href=\"https:\/\/hookahshop.lt\/en\/contacts\/\">contacts page<\/a>\u00a0or email us at\u00a0<a href=\"https:\/\/facebook.com\/HookahShop.lt\/\" target=\"_blank\" rel=\"noopener noreferrer\">Facebook<\/a>\u00a0and we will respond to your request the same day.<\/p>","protected":false},"excerpt":{"rendered":"<p>Stiklin\u0117 vandens pypk\u0117 BLACK LEAF Pastel Leaves 30cm Pagamintas i\u0161 borosilikatinio stiklo. Auk\u0161tas, lenktas, didesnio t\u016brio. Turi ledo \u012fpjovas. Specifikacijos: Skersmuo: 110\/38 mm Ilgis: 300 mm Spalva: Skaidrus Med\u017eiaga: Borosilikatinis stiklas Turite klausim\u0173? Susisiekite su mumis\u00a0kontakt\u0173 puslapyje\u00a0arba para\u0161ykite mums \u012f\u00a0Facebook paskyr\u0105\u00a0ir atsakysime \u012f j\u016bs\u0173 u\u017eklaus\u0105 dar t\u0105 pa\u010di\u0105 dien\u0105.<\/p>","protected":false},"featured_media":42930,"comment_status":"closed","ping_status":"closed","template":"","meta":[],"_links":{"self":[{"href":"https:\/\/hookahshop.lt\/en\/wp-json\/wp\/v2\/product\/42929"}],"collection":[{"href":"https:\/\/hookahshop.lt\/en\/wp-json\/wp\/v2\/product"}],"about":[{"href":"https:\/\/hookahshop.lt\/en\/wp-json\/wp\/v2\/types\/product"}],"replies":[{"embeddable":true,"href":"https:\/\/hookahshop.lt\/en\/wp-json\/wp\/v2\/comments?post=42929"}],"version-history":[{"count":8,"href":"https:\/\/hookahshop.lt\/en\/wp-json\/wp\/v2\/product\/42929\/revisions"}],"predecessor-version":[{"id":44534,"href":"https:\/\/hookahshop.lt\/en\/wp-json\/wp\/v2\/product\/42929\/revisions\/44534"}],"wp:featuredmedia":[{"embeddable":true,"href":"https:\/\/hookahshop.lt\/en\/wp-json\/wp\/v2\/media\/42930"}],"wp:attachment":[{"href":"https:\/\/hookahshop.lt\/en\/wp-json\/wp\/v2\/media?parent=42929"}],"curies":[{"name":"wp","href":"https:\/\/api.w.org\/{rel}","templated":true}]}}