{"id":43861,"date":"2025-12-11T12:16:27","date_gmt":"2025-12-11T10:16:27","guid":{"rendered":"https:\/\/hookahshop.lt\/?post_type=product&#038;p=43861"},"modified":"2026-04-18T23:29:34","modified_gmt":"2026-04-18T20:29:34","slug":"individualus-kaljano-kandiklis-moze-gold","status":"publish","type":"product","link":"https:\/\/hookahshop.lt\/en\/product\/individual-hookah-mouthpiece-moze-gold\/","title":{"rendered":"Individual hookah mouthpiece MOZE Gold Black"},"content":{"rendered":"<h2 data-start=\"42\" data-end=\"567\">Individual hookah mouthpiece MOZE Gold Black<\/h2>\n<p data-start=\"42\" data-end=\"567\">Each Moze mouthpiece is unique \u2013 no two look the same due to the epoxy resin and color gradients. The mouthpieces are washable and reusable. By using a Moze mouthpiece, you are not only doing good for yourself and your hygiene, but also for the environment, as the mouthpieces do not need to be thrown away after each use.<\/p>\n<p><strong>Specifications:<\/strong><br \/>\nMaterial: epoxy resin<br \/>\nDiameter: 20mm<br \/>\nHeight: 70mm<br \/>\nColor black<\/p>\n<p><strong>Equipment:<\/strong><br \/>\nIndividual mouthpiece<br \/>\nRemovable strap<br \/>\nMoses box<\/p>\n<p>Do you have any questions? contact us\u00a0<a href=\"https:\/\/hookahshop.lt\/en\/contacts\/\">contacts page<\/a>\u00a0or email us at\u00a0<a href=\"https:\/\/facebook.com\/HookahShop.lt\/\" target=\"_blank\" rel=\"noopener\">Facebook<\/a>\u00a0and we will respond to your request the same day.<\/p>","protected":false},"excerpt":{"rendered":"<p>Individualus kaljano kandiklis MOZE Gold Black Kiekvienas Moze kandiklis yra unikalus \u2013 n\u0117 vienas neatrodo taip pat kaip kitas d\u0117l epoksidin\u0117s dervos ir spalv\u0173 pereinam\u0173j\u0173 atspalvi\u0173. Kandikliai yra plaunami ir daugkartinio naudojimo. Naudodami Moze kandikl\u012f, darote gera ne tik sau ir savo higienai, bet ir aplinkai, nes kandikli\u0173 nereikia i\u0161mesti po kiekvieno naudojimo. Specifikacijos: Med\u017eiaga: [&hellip;]<\/p>","protected":false},"featured_media":44119,"comment_status":"open","ping_status":"closed","template":"","meta":[],"_links":{"self":[{"href":"https:\/\/hookahshop.lt\/en\/wp-json\/wp\/v2\/product\/43861"}],"collection":[{"href":"https:\/\/hookahshop.lt\/en\/wp-json\/wp\/v2\/product"}],"about":[{"href":"https:\/\/hookahshop.lt\/en\/wp-json\/wp\/v2\/types\/product"}],"replies":[{"embeddable":true,"href":"https:\/\/hookahshop.lt\/en\/wp-json\/wp\/v2\/comments?post=43861"}],"version-history":[{"count":11,"href":"https:\/\/hookahshop.lt\/en\/wp-json\/wp\/v2\/product\/43861\/revisions"}],"predecessor-version":[{"id":44559,"href":"https:\/\/hookahshop.lt\/en\/wp-json\/wp\/v2\/product\/43861\/revisions\/44559"}],"wp:featuredmedia":[{"embeddable":true,"href":"https:\/\/hookahshop.lt\/en\/wp-json\/wp\/v2\/media\/44119"}],"wp:attachment":[{"href":"https:\/\/hookahshop.lt\/en\/wp-json\/wp\/v2\/media?parent=43861"}],"curies":[{"name":"wp","href":"https:\/\/api.w.org\/{rel}","templated":true}]}}