{"id":43885,"date":"2025-12-11T12:19:11","date_gmt":"2025-12-11T10:19:11","guid":{"rendered":"https:\/\/hookahshop.lt\/?post_type=product&#038;p=43885"},"modified":"2026-04-15T23:29:40","modified_gmt":"2026-04-15T20:29:40","slug":"karscio-kamera-onmo-black","status":"publish","type":"product","link":"https:\/\/hookahshop.lt\/en\/product\/heat-camera-onmo-black\/","title":{"rendered":"Thermal camera ONMO Black"},"content":{"rendered":"<h2>Thermal camera ONMO Black<\/h2>\n<p>Optimal weight and balanced heat distribution ensure a smooth, long-lasting and comfortable smoking experience. The rods in the lower part allow you to choose the smoking method: distance, full contact or contact through the rods. The internal bottom profile ensures air flow under the glowing coals, preventing oxygen deficiency and coal extinction.<\/p>\n<p><strong>Specifications:<\/strong><br \/>\nMaterial: painted aluminum<br \/>\nOuter diameter: 75mm<br \/>\nInner diameter: 55mm<br \/>\nDepth: 30mm<br \/>\nWeight: 69g<br \/>\nCapacity: up to 2 coals with a diameter of up to 27 mm<\/p>\n<p>Do you have any questions? contact us\u00a0<a href=\"https:\/\/hookahshop.lt\/en\/contacts\/\">contacts page<\/a>\u00a0or email us at\u00a0<a href=\"https:\/\/facebook.com\/HookahShop.lt\/\" target=\"_blank\" rel=\"noopener\">Facebook<\/a>\u00a0and we will respond to your request the same day.<\/p>","protected":false},"excerpt":{"rendered":"<p>Kar\u0161\u010dio kamera ONMO Black Optimalus svoris ir subalansuotas \u0161ilumos paskirstymas u\u017etikrina skland\u017ei\u0105, ilgai trunkan\u010di\u0105 ir komforti\u0161k\u0105 r\u016bkymo patirt\u012f. Apatin\u0117je dalyje esantys strypeliai leid\u017eia pasirinkti r\u016bkymo b\u016bd\u0105: atstumas, pilnas kontaktas arba kontaktas per strypelius. Vidinis apatinis profilis u\u017etikrina oro sraut\u0105 po \u017e\u0117rin\u010diomis anglimis, apsaugodamas nuo deguonies tr\u016bkumo ir angli\u0173 gesimo. Specifikacijos: Med\u017eiaga: da\u017eytas aliuminis I\u0161orinis skersmuo: [&hellip;]<\/p>","protected":false},"featured_media":43890,"comment_status":"closed","ping_status":"closed","template":"","meta":[],"_links":{"self":[{"href":"https:\/\/hookahshop.lt\/en\/wp-json\/wp\/v2\/product\/43885"}],"collection":[{"href":"https:\/\/hookahshop.lt\/en\/wp-json\/wp\/v2\/product"}],"about":[{"href":"https:\/\/hookahshop.lt\/en\/wp-json\/wp\/v2\/types\/product"}],"replies":[{"embeddable":true,"href":"https:\/\/hookahshop.lt\/en\/wp-json\/wp\/v2\/comments?post=43885"}],"version-history":[{"count":6,"href":"https:\/\/hookahshop.lt\/en\/wp-json\/wp\/v2\/product\/43885\/revisions"}],"predecessor-version":[{"id":44971,"href":"https:\/\/hookahshop.lt\/en\/wp-json\/wp\/v2\/product\/43885\/revisions\/44971"}],"wp:featuredmedia":[{"embeddable":true,"href":"https:\/\/hookahshop.lt\/en\/wp-json\/wp\/v2\/media\/43890"}],"wp:attachment":[{"href":"https:\/\/hookahshop.lt\/en\/wp-json\/wp\/v2\/media?parent=43885"}],"curies":[{"name":"wp","href":"https:\/\/api.w.org\/{rel}","templated":true}]}}