{"id":43891,"date":"2025-12-11T12:23:09","date_gmt":"2025-12-11T10:23:09","guid":{"rendered":"https:\/\/hookahshop.lt\/?post_type=product&#038;p=43891"},"modified":"2026-04-15T23:29:40","modified_gmt":"2026-04-15T20:29:40","slug":"taurele-kaljanui-darkside-killer","status":"publish","type":"product","link":"https:\/\/hookahshop.lt\/en\/product\/hookah-cup-darkside-killer\/","title":{"rendered":"Hookah cup DARKSIDE Killer"},"content":{"rendered":"<h2>Hookah cup DARKSIDE Killer<\/h2>\n<p>It holds a small amount of tobacco and has excellent performance and intense flavor. Darkside is a brand of high-quality hookah products that is appreciated by many hookah users.<br \/>\nA cup of tobacco holds 18-20 g.<\/p>\n<p><strong>Specifications:<\/strong><br \/>\nOuter diameter: 7.6cm<br \/>\nInner diameter: 5.9cm<br \/>\nHeight: 7.8cm<br \/>\nMaterial: clay<br \/>\nColor black<\/p>\n<p>Do you have any questions? contact us\u00a0<a href=\"https:\/\/hookahshop.lt\/en\/contacts\/\">contacts page<\/a>\u00a0or email us at\u00a0<a href=\"https:\/\/facebook.com\/HookahShop.lt\/\" target=\"_blank\" rel=\"noopener\">Facebook<\/a>\u00a0and we will respond to your request the same day.<\/p>","protected":false},"excerpt":{"rendered":"<p>Taurel\u0117 kaljanui DARKSIDE Killer Talpinama ma\u017eai tabako ir pasi\u017eymi puikiu na\u0161umu, bei suteikia intensyv\u0173 skon\u012f. Darkside yra auk\u0161tos kokyb\u0117s kaljano gamini\u0173 prek\u0117s \u017eenklas, kur\u012f vertina daugelis naudojan\u010dius kaljan\u0105. Taurel\u0117 tabako talpina 18-20 g. Specifikacijos: I\u0161orinis skersmuo: 7,6cm Vidinis skersmuo: 5,9cm Auk\u0161tis: 7,8cm Med\u017eiaga: molis Spalva: juoda Turite klausim\u0173? Susisiekite su mumis\u00a0kontakt\u0173 puslapyje\u00a0arba para\u0161ykite mums \u012f\u00a0Facebook [&hellip;]<\/p>","protected":false},"featured_media":43892,"comment_status":"open","ping_status":"closed","template":"","meta":[],"_links":{"self":[{"href":"https:\/\/hookahshop.lt\/en\/wp-json\/wp\/v2\/product\/43891"}],"collection":[{"href":"https:\/\/hookahshop.lt\/en\/wp-json\/wp\/v2\/product"}],"about":[{"href":"https:\/\/hookahshop.lt\/en\/wp-json\/wp\/v2\/types\/product"}],"replies":[{"embeddable":true,"href":"https:\/\/hookahshop.lt\/en\/wp-json\/wp\/v2\/comments?post=43891"}],"version-history":[{"count":5,"href":"https:\/\/hookahshop.lt\/en\/wp-json\/wp\/v2\/product\/43891\/revisions"}],"predecessor-version":[{"id":45508,"href":"https:\/\/hookahshop.lt\/en\/wp-json\/wp\/v2\/product\/43891\/revisions\/45508"}],"wp:featuredmedia":[{"embeddable":true,"href":"https:\/\/hookahshop.lt\/en\/wp-json\/wp\/v2\/media\/43892"}],"wp:attachment":[{"href":"https:\/\/hookahshop.lt\/en\/wp-json\/wp\/v2\/media?parent=43891"}],"curies":[{"name":"wp","href":"https:\/\/api.w.org\/{rel}","templated":true}]}}