{"id":43894,"date":"2025-12-11T12:25:36","date_gmt":"2025-12-11T10:25:36","guid":{"rendered":"https:\/\/hookahshop.lt\/?post_type=product&#038;p=43894"},"modified":"2026-04-26T23:30:21","modified_gmt":"2026-04-26T20:30:21","slug":"individualus-kaljano-kandiklis-swg-x-moze","status":"publish","type":"product","link":"https:\/\/hookahshop.lt\/en\/product\/individual-hookah-mouthpiece-swg-x-moze\/","title":{"rendered":"Custom hookah mouthpiece SWG x MOZE"},"content":{"rendered":"<h2>Custom hookah mouthpiece SWG x MOZE<\/h2>\n<p data-start=\"42\" data-end=\"567\">Each Moze mouthpiece is unique - no two look the same due to the epoxy resin and color transitions. Thanks to the internal grooves in the silicone and good elasticity, the tips are easily placed on any standard mouthpiece and removed without much effort. The mouthpieces are washable and reusable. They have a removable strap.<\/p>\n<p><strong>Specifications:<\/strong><\/p>\n<p>Material: epoxy resin, silicone<\/p>\n<p>Do you have any questions? contact us\u00a0<a href=\"https:\/\/hookahshop.lt\/en\/contacts\/\">contacts page<\/a>\u00a0or email us at\u00a0<a href=\"https:\/\/facebook.com\/HookahShop.lt\/\" target=\"_blank\" rel=\"noopener\">Facebook<\/a>\u00a0and we will respond to your request the same day.<\/p>","protected":false},"excerpt":{"rendered":"<p>Individualus kaljano kandiklis SWG x MOZE Kiekvienas Moze kandiklis yra unikalus \u2013 n\u0117 vienas neatrodo taip pat kaip kitas d\u0117l epoksidin\u0117s dervos ir spalv\u0173 pereinam\u0173j\u0173 atspalvi\u0173. D\u0117l viduje esan\u010di\u0173 grioveli\u0173 silikone ir gero tamprumo antgaliai lengvai u\u017ededami ant bet kurio standartinio kandiklio ir be dideli\u0173 pastang\u0173 nuimami. Kandikliai yra plaunami ir daugkartinio naudojimoTuri nuimam\u0105 dir\u017eel\u012f. [&hellip;]<\/p>","protected":false},"featured_media":44116,"comment_status":"open","ping_status":"closed","template":"","meta":[],"_links":{"self":[{"href":"https:\/\/hookahshop.lt\/en\/wp-json\/wp\/v2\/product\/43894"}],"collection":[{"href":"https:\/\/hookahshop.lt\/en\/wp-json\/wp\/v2\/product"}],"about":[{"href":"https:\/\/hookahshop.lt\/en\/wp-json\/wp\/v2\/types\/product"}],"replies":[{"embeddable":true,"href":"https:\/\/hookahshop.lt\/en\/wp-json\/wp\/v2\/comments?post=43894"}],"version-history":[{"count":8,"href":"https:\/\/hookahshop.lt\/en\/wp-json\/wp\/v2\/product\/43894\/revisions"}],"predecessor-version":[{"id":44097,"href":"https:\/\/hookahshop.lt\/en\/wp-json\/wp\/v2\/product\/43894\/revisions\/44097"}],"wp:featuredmedia":[{"embeddable":true,"href":"https:\/\/hookahshop.lt\/en\/wp-json\/wp\/v2\/media\/44116"}],"wp:attachment":[{"href":"https:\/\/hookahshop.lt\/en\/wp-json\/wp\/v2\/media?parent=43894"}],"curies":[{"name":"wp","href":"https:\/\/api.w.org\/{rel}","templated":true}]}}