{"id":43900,"date":"2025-12-11T12:28:12","date_gmt":"2025-12-11T10:28:12","guid":{"rendered":"https:\/\/hookahshop.lt\/?post_type=product&#038;p=43900"},"modified":"2026-04-14T23:29:48","modified_gmt":"2026-04-14T20:29:48","slug":"apsauginis-sietelis-kaljanui-alite-black","status":"publish","type":"product","link":"https:\/\/hookahshop.lt\/en\/product\/protective-screen-for-hookah-alite-black\/","title":{"rendered":"Protective screen for hookah ALITE Black"},"content":{"rendered":"<h2 data-start=\"67\" data-end=\"301\">Protective screen for hookah ALITE Black<\/h2>\n<p>Protects floors, carpets, furniture, etc. from hot coals not burning your property when smoking at home, on the terrace.<\/p>\n<p data-start=\"481\" data-end=\"497\"><strong data-start=\"481\" data-end=\"497\">Specifications:<\/strong><\/p>\n<p>Height: about 20cm<br \/>\nDiameter: about 8.8cm<br \/>\nWeight: about 110g<br \/>\nColor black<\/p>\n<p data-start=\"550\" data-end=\"570\">Do you have any questions? contact us\u00a0<a href=\"https:\/\/hookahshop.lt\/en\/contacts\/\">contacts page<\/a>\u00a0or email us at\u00a0<a href=\"https:\/\/facebook.com\/HookahShop.lt\/\" target=\"_blank\" rel=\"noopener\">Facebook<\/a>\u00a0and we will respond to your request the same day.<\/p>","protected":false},"excerpt":{"rendered":"<p>Apsauginis sietelis kaljanui ALITE Black Apsaugo grindis, kilimus, baldus ir pan. nuo to, kad \u012fkaitintos anglys nesudegint\u0173 j\u016bs\u0173 turto r\u016bkant namuose, terasoje. Specifikacijos: Auk\u0161tis: apie 20cm Skersmuo: apie 8,8cm Svoris: apie 110g Spalva: juoda Turite klausim\u0173? Susisiekite su mumis\u00a0kontakt\u0173 puslapyje\u00a0arba para\u0161ykite mums \u012f\u00a0Facebook paskyr\u0105\u00a0ir atsakysime \u012f j\u016bs\u0173 u\u017eklaus\u0105 dar t\u0105 pa\u010di\u0105 dien\u0105.<\/p>","protected":false},"featured_media":43903,"comment_status":"open","ping_status":"closed","template":"","meta":[],"_links":{"self":[{"href":"https:\/\/hookahshop.lt\/en\/wp-json\/wp\/v2\/product\/43900"}],"collection":[{"href":"https:\/\/hookahshop.lt\/en\/wp-json\/wp\/v2\/product"}],"about":[{"href":"https:\/\/hookahshop.lt\/en\/wp-json\/wp\/v2\/types\/product"}],"replies":[{"embeddable":true,"href":"https:\/\/hookahshop.lt\/en\/wp-json\/wp\/v2\/comments?post=43900"}],"version-history":[{"count":6,"href":"https:\/\/hookahshop.lt\/en\/wp-json\/wp\/v2\/product\/43900\/revisions"}],"predecessor-version":[{"id":44101,"href":"https:\/\/hookahshop.lt\/en\/wp-json\/wp\/v2\/product\/43900\/revisions\/44101"}],"wp:featuredmedia":[{"embeddable":true,"href":"https:\/\/hookahshop.lt\/en\/wp-json\/wp\/v2\/media\/43903"}],"wp:attachment":[{"href":"https:\/\/hookahshop.lt\/en\/wp-json\/wp\/v2\/media?parent=43900"}],"curies":[{"name":"wp","href":"https:\/\/api.w.org\/{rel}","templated":true}]}}