{"id":43958,"date":"2025-12-12T09:31:01","date_gmt":"2025-12-12T07:31:01","guid":{"rendered":"https:\/\/hookahshop.lt\/?post_type=product&#038;p=43958"},"modified":"2026-04-15T12:29:46","modified_gmt":"2026-04-15T09:29:46","slug":"kaljanas-aroma-hookah-lima-red","status":"publish","type":"product","link":"https:\/\/hookahshop.lt\/en\/product\/hookah-aroma-hookah-lima-ed\/","title":{"rendered":"Hookah AROMA HOOKAH Lima Ed"},"content":{"rendered":"<h2>Hookah AROMA HOOKAH Lima Ed<\/h2>\n<p>Every detail of this hookah has been designed to provide the best experience. The hookah stem is made of stainless steel with a natural wood insert, which gives it a unique look. The wood is specially treated to preserve its natural beauty. Each stem has a unique pattern, making each Aroma hookah special. The internal parts of the hookah are made of stainless steel, which not only gives it great strength, but also protects against corrosion. This guarantees long-lasting and reliable operation of the hookah for a long time.<\/p>\n<p><strong>Specifications:<\/strong><sub><br \/>\n<\/sub>Shaft diameter: 1.6cm<sub><br \/>\n<\/sub>Height: 55cm<br \/>\nDiffuser: yes (light draft)<br \/>\nDiffuser: removable (there is an option to make a heavy-classic draft)<sub><br \/>\n<\/sub>Material: stainless steel<br \/>\nCountry of origin: Ukraine<\/p>\n<p><strong>Package includes: hookah, mouthpiece, hose.<\/strong><\/p>\n<p><img decoding=\"async\" loading=\"lazy\" class=\"alignnone size-medium wp-image-38521\" src=\"https:\/\/hookahshop.lt\/wp-content\/uploads\/2020\/09\/stiebas-zarna-kandiklis-1-300x273.jpg\" alt=\"- hookahshop.lt\" width=\"300\" height=\"273\" srcset=\"https:\/\/hookahshop.lt\/wp-content\/uploads\/2020\/09\/stiebas-zarna-kandiklis-1-300x273.jpg 300w, https:\/\/hookahshop.lt\/wp-content\/uploads\/2020\/09\/stiebas-zarna-kandiklis-1-13x12.jpg 13w, https:\/\/hookahshop.lt\/wp-content\/uploads\/2020\/09\/stiebas-zarna-kandiklis-1-64x58.jpg 64w, https:\/\/hookahshop.lt\/wp-content\/uploads\/2020\/09\/stiebas-zarna-kandiklis-1.jpg 420w\" sizes=\"(max-width: 300px) 100vw, 300px\" title=\"\"><\/p>\n<p>Do you have any questions? contact us\u00a0<a href=\"https:\/\/hookahshop.lt\/en\/contacts\/\">contacts page<\/a>\u00a0or email us at\u00a0<a href=\"https:\/\/facebook.com\/HookahShop.lt\/\" target=\"_blank\" rel=\"noopener\">Facebook<\/a>\u00a0and we will respond to your request the same day.<\/p>","protected":false},"excerpt":{"rendered":"<p>Kaljanas AROMA HOOKAH Lima Red Kiekviena \u0161io kaljano detal\u0117 buvo sukurta siekiant suteikti geriausi\u0105 patirt\u012f. Kaljano stiebas pagamintas i\u0161 ner\u016bdijan\u010dio plieno su nat\u016bralaus med\u017eio intarpu, kuris suteikia jam nepakartojam\u0105 i\u0161vaizd\u0105. Mediena yra specialiai apdorojama, siekiant i\u0161saugoti nat\u016bral\u0173 gro\u017e\u012f. Kiekvienas stiebas turi unikal\u0173 ra\u0161t\u0105, tod\u0117l kiekvienas Aroma kaljanas yra ypatingas. Vidin\u0117s kaljano dalys pagamintos i\u0161 ner\u016bdijan\u010dio [&hellip;]<\/p>","protected":false},"featured_media":44031,"comment_status":"open","ping_status":"closed","template":"","meta":[],"_links":{"self":[{"href":"https:\/\/hookahshop.lt\/en\/wp-json\/wp\/v2\/product\/43958"}],"collection":[{"href":"https:\/\/hookahshop.lt\/en\/wp-json\/wp\/v2\/product"}],"about":[{"href":"https:\/\/hookahshop.lt\/en\/wp-json\/wp\/v2\/types\/product"}],"replies":[{"embeddable":true,"href":"https:\/\/hookahshop.lt\/en\/wp-json\/wp\/v2\/comments?post=43958"}],"version-history":[{"count":3,"href":"https:\/\/hookahshop.lt\/en\/wp-json\/wp\/v2\/product\/43958\/revisions"}],"predecessor-version":[{"id":44131,"href":"https:\/\/hookahshop.lt\/en\/wp-json\/wp\/v2\/product\/43958\/revisions\/44131"}],"wp:featuredmedia":[{"embeddable":true,"href":"https:\/\/hookahshop.lt\/en\/wp-json\/wp\/v2\/media\/44031"}],"wp:attachment":[{"href":"https:\/\/hookahshop.lt\/en\/wp-json\/wp\/v2\/media?parent=43958"}],"curies":[{"name":"wp","href":"https:\/\/api.w.org\/{rel}","templated":true}]}}